{"id":684,"date":"2019-11-13T17:48:49","date_gmt":"2019-11-13T16:48:49","guid":{"rendered":"https:\/\/sterilav.com\/?post_type=product&#038;p=684"},"modified":"2024-03-25T04:02:18","modified_gmt":"2024-03-25T03:02:18","slug":"alka-ddh","status":"publish","type":"product","link":"https:\/\/sterilav.com\/index.php\/produit\/alka-ddh\/","title":{"rendered":"ALKA DDH d\u00e9tergent d\u00e9sinfectant sol et surface"},"content":{"rendered":"<h3>D\u00e9tergent d\u00e9sinfectant pour les sols Alka DDH<\/h3>\n<div id=\"description\">\n<div class=\"std\">\n<ul>\n<li>Nettoyant pour les\u00a0<strong>sols en milieu professionnel<\/strong>\u00a0: cabinet m\u00e9dical, h\u00f4pital, maison de retraite, collectivit\u00e9s, entreprise et pour tous les ERP (Etablissements Recevant du Public).<\/li>\n<li>Nettoie, d\u00e9sinfecte et parfume, parfum frais \u00e0 l&#8217;eucalyptus.<\/li>\n<li><strong>Sans rin\u00e7age<\/strong>\u00a0et sans traces, ne colle pas.<\/li>\n<li><strong>Mode d&#8217;emploi simple.<\/strong><\/li>\n<li>Diluer 20 ml de produit pour 4 L d&#8217;eau soit 5 ml pour 1 L d&#8217;eau. Il suffit de verser la dosette de 20 ml ou de presser la pompe doseuse du bidon pour avoir une dose de 20 ml.<\/li>\n<li>Nettoyer la surface par balayage humide ou \u00e0 l&#8217;aide d&#8217;une autolaveuse.<\/li>\n<li>Respecter le\u00a0<strong>temps de contact de 15 min<\/strong>.<\/li>\n<li>Produit de fabrication fran\u00e7aise.<\/li>\n<li><strong>Pr\u00e9cautions d&#8217;emploi.<\/strong><\/li>\n<li>Utilisez les produits biocides avec pr\u00e9caution. Avant toute utilisation, lisez l&#8217;\u00e9tiquette et les informations concernant le produit.<\/li>\n<li><strong>Pensez-y !<\/strong><\/li>\n<li>Vous trouverez chez Securimed tout le n\u00e9cessaire pour l&#8217;\u00a0<a class=\"inline-refs-link\" href=\"https:\/\/www.securimed.fr\/hygiene-desinfection\/entretien-locaux\">Entretien des locaux<\/a>\u00a0en\u00a0<strong>milieu professionnel\u00a0<\/strong>: balais et\u00a0<strong>chariots de m\u00e9nage<\/strong>, d\u00e9sodorisants, papier essuie-main, papier toilette et tous les produits d&#8217;entretien courants (gel wc, liquide vaisselle&#8230;).<\/li>\n<li>Pour le\u00a0<strong>secteur m\u00e9dical et chirurgical,<\/strong>\u00a0nous mettons \u00e0 votre disposition une large gamme de produits pour la\u00a0<a class=\"inline-refs-link\" href=\"https:\/\/www.securimed.fr\/hygiene-desinfection\/desinfection-instruments-medicaux\">D\u00e9sinfection des instruments m\u00e9dicaux<\/a>\u00a0(bacs de trempage, st\u00e9rilisateurs&#8230;).<\/li>\n<\/ul>\n<\/div>\n<\/div>\n","protected":false},"excerpt":{"rendered":"<p>D\u00e9tergent d\u00e9sinfectant pour les sols Alka DDH Nettoyant pour les\u00a0sols en milieu professionnel\u00a0: cabinet m\u00e9dical, h\u00f4pital, maison de retraite, collectivit\u00e9s, entreprise et pour tous les ERP (Etablissements Recevant du Public). Nettoie, d\u00e9sinfecte et parfume, parfum frais \u00e0 l&#8217;eucalyptus. Sans rin\u00e7age\u00a0et sans traces, ne colle pas. Mode d&#8217;emploi simple. Diluer 20 ml de produit pour 4 [&hellip;]<\/p>\n","protected":false},"featured_media":1309,"template":"","meta":{"_monsterinsights_skip_tracking":false,"_monsterinsights_sitenote_active":false,"_monsterinsights_sitenote_note":"","_monsterinsights_sitenote_category":0,"spay_email":""},"class_list":["post-684","product","type-product","status-publish","has-post-thumbnail","hentry","product_cat-desinfection-de-surface"],"_links":{"self":[{"href":"https:\/\/sterilav.com\/index.php\/wp-json\/wp\/v2\/product\/684","targetHints":{"allow":["GET"]}}],"collection":[{"href":"https:\/\/sterilav.com\/index.php\/wp-json\/wp\/v2\/product"}],"about":[{"href":"https:\/\/sterilav.com\/index.php\/wp-json\/wp\/v2\/types\/product"}],"wp:featuredmedia":[{"embeddable":true,"href":"https:\/\/sterilav.com\/index.php\/wp-json\/wp\/v2\/media\/1309"}],"wp:attachment":[{"href":"https:\/\/sterilav.com\/index.php\/wp-json\/wp\/v2\/media?parent=684"}],"curies":[{"name":"wp","href":"https:\/\/api.w.org\/{rel}","templated":true}]}}