{"id":1214,"date":"2021-01-08T19:12:02","date_gmt":"2021-01-08T18:12:02","guid":{"rendered":"https:\/\/sterilav.com\/?post_type=product&#038;p=1214"},"modified":"2024-10-28T21:17:05","modified_gmt":"2024-10-28T20:17:05","slug":"surfalkan","status":"publish","type":"product","link":"https:\/\/sterilav.com\/index.php\/produit\/surfalkan\/","title":{"rendered":"Surfalkan SH d\u00e9tergent d\u00e9sinfectant"},"content":{"rendered":"<div class=\"kvgmc6g5 cxmmr5t8 oygrvhab hcukyx3x c1et5uql ii04i59q\">\n<div dir=\"auto\"><img decoding=\"async\" src=\"https:\/\/www.distrimed.com\/images\/picto_fab_fr.jpg\" alt=\"Fabrication fran\u00e7aise\" \/><\/div>\n<div dir=\"auto\">\n<h2><strong>Surfalkan SH d\u00e9tergent d\u00e9sinfectant<\/strong><\/h2>\n<p align=\"justify\">Le\u00a0<strong>d\u00e9tergent d\u00e9sinfectant Surfalkan SH<\/strong>\u00a0est destin\u00e9 au\u00a0<strong>nettoyage et \u00e0 la d\u00e9sinfection par essuyage humide des surfaces hautes<\/strong>\u00a0(paillasses, chariots, mobilier &#8230;), en milieu hospitalier, m\u00e9dical et dentaire.<\/p>\n<p>Le Surfalkan SH est \u00e0 action rapide et\u00a0<strong>atteint son spectre d&#8217;activit\u00e9 en seulement 5 minutes<\/strong>\u00a0(15 minutes pour une activit\u00e9 sporicide sur Clostridium difficile). Il\u00a0<span class=\"gras\">est actif sur les spores de Clostridium difficile et sur le Coronavirus<\/span>.<\/p>\n<p>C&#8217;est un produit\u00a0<span class=\"gras\">pr\u00eat \u00e0 l&#8217;emploi<\/span>\u00a0associant un agent mouillant et des actifs antimicrobiens assurant le d\u00e9crochage des souillures et la d\u00e9sinfection des surfaces. Il est compatible avec tout type de surface, y compris les rev\u00eatements ska\u00ef des divans d&#8217;examen.<\/p>\n<p>Pratique ! Formulation g\u00e9n\u00e9rant une\u00a0<span class=\"gras\">mousse l\u00e9g\u00e8re non collante<\/span>\u00a0permettant de visualiser facilement la zone trait\u00e9e et limitant la formation d&#8217;a\u00e9rosols et la volatilit\u00e9 des composants .<\/p>\n<p>Formul\u00e9 sans EDTA et sans NTA.<br \/>\nNon irritant et non sensibilisant pour la peau, il respecte l&#8217;utilisateur.<\/p>\n<p><strong>Le d\u00e9tergent d\u00e9sinfectant Surfalkan SH<\/strong><span class=\"gras\">\u00a0est conditionn\u00e9 en spray de 750 ml.<\/span><\/p>\n<\/div>\n<\/div>\n","protected":false},"excerpt":{"rendered":"<p>Surfalkan SH d\u00e9tergent d\u00e9sinfectant Le\u00a0d\u00e9tergent d\u00e9sinfectant Surfalkan SH\u00a0est destin\u00e9 au\u00a0nettoyage et \u00e0 la d\u00e9sinfection par essuyage humide des surfaces hautes\u00a0(paillasses, chariots, mobilier &#8230;), en milieu hospitalier, m\u00e9dical et dentaire. Le Surfalkan SH est \u00e0 action rapide et\u00a0atteint son spectre d&#8217;activit\u00e9 en seulement 5 minutes\u00a0(15 minutes pour une activit\u00e9 sporicide sur Clostridium difficile). Il\u00a0est actif sur [&hellip;]<\/p>\n","protected":false},"featured_media":1299,"template":"","meta":{"_monsterinsights_skip_tracking":false,"_monsterinsights_sitenote_active":false,"_monsterinsights_sitenote_note":"","_monsterinsights_sitenote_category":0,"spay_email":""},"class_list":["post-1214","product","type-product","status-publish","has-post-thumbnail","hentry","product_cat-desinfection-de-surface","product_cat-produit-sante"],"_links":{"self":[{"href":"https:\/\/sterilav.com\/index.php\/wp-json\/wp\/v2\/product\/1214","targetHints":{"allow":["GET"]}}],"collection":[{"href":"https:\/\/sterilav.com\/index.php\/wp-json\/wp\/v2\/product"}],"about":[{"href":"https:\/\/sterilav.com\/index.php\/wp-json\/wp\/v2\/types\/product"}],"wp:featuredmedia":[{"embeddable":true,"href":"https:\/\/sterilav.com\/index.php\/wp-json\/wp\/v2\/media\/1299"}],"wp:attachment":[{"href":"https:\/\/sterilav.com\/index.php\/wp-json\/wp\/v2\/media?parent=1214"}],"curies":[{"name":"wp","href":"https:\/\/api.w.org\/{rel}","templated":true}]}}