{"id":1211,"date":"2021-01-08T19:06:27","date_gmt":"2021-01-08T18:06:27","guid":{"rendered":"https:\/\/sterilav.com\/?post_type=product&#038;p=1211"},"modified":"2024-10-28T21:15:11","modified_gmt":"2024-10-28T20:15:11","slug":"cidalkan","status":"publish","type":"product","link":"https:\/\/sterilav.com\/index.php\/produit\/cidalkan\/","title":{"rendered":"Cidalkan Lingettes"},"content":{"rendered":"<div dir=\"auto\">\n<div class=\"box-collateral\">\n<div class=\"short-description\">\n<div class=\"std\">\n<p><strong>Cidalkan Lingettes<\/strong><\/p>\n<p>Les lingettes Cidalkan de chez Alkapharm sont utilis\u00e9es pour le nettoyage et la d\u00e9sinfection des surfaces comme les paillasses, charriots, le mobilier du cabinet et les dispositifs m\u00e9dicaux non immergeables, invasifs et non invasifs en l&#8217;exemple des sondes d&#8217;\u00e9chographie, endocavitaires ou encore des endoscopes gain\u00e9s, les g\u00e9n\u00e9rateurs d&#8217;h\u00e9modialyse et l&#8217;unit dentaire.<\/p>\n<p>Les lingettes Cidalkan regroupent un certain nombre d&#8217;avantages<\/p>\n<ul>\n<li><strong>Leur utilisation est id\u00e9ale entre deux patients<\/strong> puisque le produit s\u00e8che rapidement et\u00a0<strong>permet d&#8217;effectuer de multiples t\u00e2ches en seulement 5 minutes<\/strong>.<\/li>\n<li><strong>Le produit est particuli\u00e8rement efficace et actif<\/strong>\u00a0sur les spores de\u00a0<em>Clostridium difficile.\u00a0<\/em>Il est, \u00e0 ce titre, compatible avec les sondes d&#8217;\u00e9chographie ou les testeurs de glyc\u00e9mie.<\/li>\n<li><strong>Son parfum de pamplemousse est agr\u00e9able<\/strong>\u00a0et adapt\u00e9 au milieu m\u00e9dical<em>.<br \/>\n<\/em><\/li>\n<li><strong>Des propri\u00e9t\u00e9s microbiologiques multiples<\/strong><em>:\u00a0<\/em>bact\u00e9ricide, fongicide, sporicide, action contre les virus<em>.<\/em><\/li>\n<\/ul>\n<p>Conseils d&#8217;utilisation<\/p>\n<ul>\n<li>Enlever la lingette de sa bo\u00eete<\/li>\n<li>Nettoyer avec minutie la surface<\/li>\n<li>Laisser le produit agir pendant 5 minutes<\/li>\n<li>Ne pas rincer<\/li>\n<li>Changer de support non-tiss\u00e9 pour chaque \u00e9quipement<\/li>\n<\/ul>\n<p><strong><em>Utiliser les produits biocides avec pr\u00e9caution. Avant toute utilisation, lire l&#8217;\u00e9tiquette et les informations concernant le produit.<\/em><\/strong><\/p>\n<\/div>\n<\/div>\n<\/div>\n<div class=\"clear-both\"><\/div>\n<div class=\"box-collateral\">\n<div class=\"long-description\">\n<div class=\"std\">\n<p><strong>Caract\u00e9ristiques techniques<\/strong><\/p>\n<ul>\n<li><em>Lingettes d\u00e9sinfectantes et d\u00e9tergentes<\/em><\/li>\n<li><em>Usage par essuyage humide sur les surfaces et les dispositifs m\u00e9dicaux<\/em><\/li>\n<li><em>Sous forme liquide<\/em><\/li>\n<li><em>pH : 7 +\/- 0.5<\/em><\/li>\n<li><em>Incolore<\/em><\/li>\n<li><em>Classe IIb<\/em><\/li>\n<li><em>Parfum pamplemousse<\/em><\/li>\n<\/ul>\n<p><strong>Contenance<\/strong><\/p>\n<\/div>\n<\/div>\n<\/div>\n<\/div>\n","protected":false},"excerpt":{"rendered":"<p>Cidalkan Lingettes Les lingettes Cidalkan de chez Alkapharm sont utilis\u00e9es pour le nettoyage et la d\u00e9sinfection des surfaces comme les paillasses, charriots, le mobilier du cabinet et les dispositifs m\u00e9dicaux non immergeables, invasifs et non invasifs en l&#8217;exemple des sondes d&#8217;\u00e9chographie, endocavitaires ou encore des endoscopes gain\u00e9s, les g\u00e9n\u00e9rateurs d&#8217;h\u00e9modialyse et l&#8217;unit dentaire. Les lingettes [&hellip;]<\/p>\n","protected":false},"featured_media":1300,"template":"","meta":{"_monsterinsights_skip_tracking":false,"_monsterinsights_sitenote_active":false,"_monsterinsights_sitenote_note":"","_monsterinsights_sitenote_category":0,"spay_email":""},"class_list":["post-1211","product","type-product","status-publish","has-post-thumbnail","hentry","product_cat-desinfection-de-surface","product_cat-produit-sante"],"_links":{"self":[{"href":"https:\/\/sterilav.com\/index.php\/wp-json\/wp\/v2\/product\/1211","targetHints":{"allow":["GET"]}}],"collection":[{"href":"https:\/\/sterilav.com\/index.php\/wp-json\/wp\/v2\/product"}],"about":[{"href":"https:\/\/sterilav.com\/index.php\/wp-json\/wp\/v2\/types\/product"}],"wp:featuredmedia":[{"embeddable":true,"href":"https:\/\/sterilav.com\/index.php\/wp-json\/wp\/v2\/media\/1300"}],"wp:attachment":[{"href":"https:\/\/sterilav.com\/index.php\/wp-json\/wp\/v2\/media?parent=1211"}],"curies":[{"name":"wp","href":"https:\/\/api.w.org\/{rel}","templated":true}]}}