{"id":1208,"date":"2021-01-08T18:59:04","date_gmt":"2021-01-08T17:59:04","guid":{"rendered":"https:\/\/sterilav.com\/?post_type=product&#038;p=1208"},"modified":"2024-11-14T06:42:36","modified_gmt":"2024-11-14T05:42:36","slug":"machine-de-desinfection-a-vapeur-900w","status":"publish","type":"product","link":"https:\/\/sterilav.com\/index.php\/produit\/machine-de-desinfection-a-vapeur-900w\/","title":{"rendered":"Machine de d\u00e9sinfection \u00e0 Vapeur 900W"},"content":{"rendered":"<p>Machine de d\u00e9sinfection \u00e0 Vapeur 900W<\/p>\n<div dir=\"auto\">\u25ba Tension : AC110V-250V 50-60HZ<\/div>\n<div dir=\"auto\">\u25ba Alimentation : 900W<\/div>\n<div dir=\"auto\">\u25ba Capacit\u00e9 du flacon : 100 ml (peut durer 5 minutes)<\/div>\n<div dir=\"auto\">\u25ba Temps d&#8217;\u00e9chauffement : entre 2 et 5 min<\/div>\n<div dir=\"auto\">\u25ba Temps de sortie : 20 secondes<\/div>\n<div dir=\"auto\">\u25ba Sortie de Fum\u00e9e : 2000ncu.Ft\/min<\/div>\n<div dir=\"auto\">\u25ba Distance de pulv\u00e9risation : 3 \u00e0 5 m<\/div>\n<div dir=\"auto\">\u25ba Contr\u00f4le : minuterie Automatique<\/div>\n<div dir=\"auto\">\u25ba Dimensions : 320*310*185mm<\/div>\n<div dir=\"auto\">\u25ba Poids : 3 kg<\/div>\n<div dir=\"auto\">\u25ba Utilisation : Peut \u00eatre utiliser dans diff\u00e9rentes endroits : Voiture, Maison, H\u00f4tel, \u00c9cole, Bureau<\/div>\n","protected":false},"excerpt":{"rendered":"<p>Machine de d\u00e9sinfection \u00e0 Vapeur 900W \u25ba Tension : AC110V-250V 50-60HZ \u25ba Alimentation : 900W \u25ba Capacit\u00e9 du flacon : 100 ml (peut durer 5 minutes) \u25ba Temps d&#8217;\u00e9chauffement : entre 2 et 5 min \u25ba Temps de sortie : 20 secondes \u25ba Sortie de Fum\u00e9e : 2000ncu.Ft\/min \u25ba Distance de pulv\u00e9risation : 3 \u00e0 [&hellip;]<\/p>\n","protected":false},"featured_media":1209,"template":"","meta":{"_monsterinsights_skip_tracking":false,"_monsterinsights_sitenote_active":false,"_monsterinsights_sitenote_note":"","_monsterinsights_sitenote_category":0,"spay_email":""},"class_list":["post-1208","product","type-product","status-publish","has-post-thumbnail","hentry","product_cat-desinfection-aerien"],"_links":{"self":[{"href":"https:\/\/sterilav.com\/index.php\/wp-json\/wp\/v2\/product\/1208","targetHints":{"allow":["GET"]}}],"collection":[{"href":"https:\/\/sterilav.com\/index.php\/wp-json\/wp\/v2\/product"}],"about":[{"href":"https:\/\/sterilav.com\/index.php\/wp-json\/wp\/v2\/types\/product"}],"wp:featuredmedia":[{"embeddable":true,"href":"https:\/\/sterilav.com\/index.php\/wp-json\/wp\/v2\/media\/1209"}],"wp:attachment":[{"href":"https:\/\/sterilav.com\/index.php\/wp-json\/wp\/v2\/media?parent=1208"}],"curies":[{"name":"wp","href":"https:\/\/api.w.org\/{rel}","templated":true}]}}