{"id":1192,"date":"2020-12-14T20:41:45","date_gmt":"2020-12-14T19:41:45","guid":{"rendered":"https:\/\/sterilav.com\/?post_type=product&#038;p=1192"},"modified":"2024-10-28T21:16:28","modified_gmt":"2024-10-28T20:16:28","slug":"nebuliseur-st02","status":"publish","type":"product","link":"https:\/\/sterilav.com\/index.php\/produit\/nebuliseur-st02\/","title":{"rendered":"N\u00e9buliseur ST02"},"content":{"rendered":"<table width=\"661\">\n<tbody>\n<tr>\n<td width=\"170\">Mod\u00e8le<\/td>\n<td width=\"491\">UVL 2000<\/td>\n<\/tr>\n<tr>\n<td width=\"170\">Type<\/td>\n<td width=\"491\">Brumisateur froid<\/td>\n<\/tr>\n<tr>\n<td width=\"170\">Alimentation<\/td>\n<td width=\"491\">AC220V\/110V\/50HZ<\/td>\n<\/tr>\n<tr>\n<td width=\"170\">Puissance<\/td>\n<td width=\"491\">2200W<\/td>\n<\/tr>\n<tr>\n<td width=\"170\">Capacit\u00e9 du r\u00e9servoir<\/td>\n<td width=\"491\">20L<\/td>\n<\/tr>\n<tr>\n<td width=\"170\">Pulv\u00e9risateur volume<\/td>\n<td width=\"491\">300 ml\/min (r\u00e9glable)<\/td>\n<\/tr>\n<tr>\n<td width=\"170\">La taille des gouttelettes<\/td>\n<td width=\"491\">5 ~ 20 Microns<\/td>\n<\/tr>\n<tr>\n<td width=\"170\">Port\u00e9e efficace<\/td>\n<td width=\"491\">6-10m<\/td>\n<\/tr>\n<tr>\n<td width=\"170\">Poids Net<\/td>\n<td width=\"491\">4.5Kg<\/td>\n<\/tr>\n<tr>\n<td width=\"170\">Poids brut<\/td>\n<td width=\"491\">5.15kg<\/td>\n<\/tr>\n<tr>\n<td width=\"170\">Dimension de paquet<\/td>\n<td width=\"491\">620*250*430mm<\/td>\n<\/tr>\n<\/tbody>\n<\/table>\n","protected":false},"excerpt":{"rendered":"<p>Mod\u00e8le UVL 2000 Type Brumisateur froid Alimentation AC220V\/110V\/50HZ Puissance 2200W Capacit\u00e9 du r\u00e9servoir 20L Pulv\u00e9risateur volume 300 ml\/min (r\u00e9glable) La taille des gouttelettes 5 ~ 20 Microns Port\u00e9e efficace 6-10m Poids Net 4.5Kg Poids brut 5.15kg Dimension de paquet 620*250*430mm<\/p>\n","protected":false},"featured_media":1193,"template":"","meta":{"_monsterinsights_skip_tracking":false,"_monsterinsights_sitenote_active":false,"_monsterinsights_sitenote_note":"","_monsterinsights_sitenote_category":0,"spay_email":""},"class_list":["post-1192","product","type-product","status-publish","has-post-thumbnail","hentry","product_cat-desinfection-aerien"],"_links":{"self":[{"href":"https:\/\/sterilav.com\/index.php\/wp-json\/wp\/v2\/product\/1192","targetHints":{"allow":["GET"]}}],"collection":[{"href":"https:\/\/sterilav.com\/index.php\/wp-json\/wp\/v2\/product"}],"about":[{"href":"https:\/\/sterilav.com\/index.php\/wp-json\/wp\/v2\/types\/product"}],"wp:featuredmedia":[{"embeddable":true,"href":"https:\/\/sterilav.com\/index.php\/wp-json\/wp\/v2\/media\/1193"}],"wp:attachment":[{"href":"https:\/\/sterilav.com\/index.php\/wp-json\/wp\/v2\/media?parent=1192"}],"curies":[{"name":"wp","href":"https:\/\/api.w.org\/{rel}","templated":true}]}}