{"id":1176,"date":"2020-12-14T20:09:19","date_gmt":"2020-12-14T19:09:19","guid":{"rendered":"https:\/\/sterilav.com\/?post_type=product&#038;p=1176"},"modified":"2024-11-10T15:24:57","modified_gmt":"2024-11-10T14:24:57","slug":"alkacide","status":"publish","type":"product","link":"https:\/\/sterilav.com\/index.php\/produit\/alkacide\/","title":{"rendered":"Alkacide d\u00e9sinfectant pr\u00eat \u00e0 l&#8217;emploi"},"content":{"rendered":"<h2><img decoding=\"async\" title=\"Fabriqu\u00e9 en France\" src=\"https:\/\/www.distrimed.com\/images\/picto_fab_fr.jpg\" alt=\"Fabrication fran\u00e7aise\" \/><\/h2>\n<h2><strong>Alkacide d\u00e9sinfectant pr\u00eat \u00e0 l&#8217;emploi<\/strong><\/h2>\n<p align=\"justify\">Ce\u00a0<strong>d\u00e9sinfectant de haut niveau<\/strong>\u00a0s&#8217;utilise apr\u00e8s un nettoyage d\u00e9prot\u00e9inisant (avec le d\u00e9tergent d\u00e9sinfectant Alkazyme par exemple) lors de la\u00a0<strong>d\u00e9sinfection par immersion sur de l&#8217;instrumentation, du mat\u00e9riel d&#8217;endoscopie souple et rigide, des dispositifs m\u00e9dicaux thermosensibles invasifs et non invasifs<\/strong>\u00a0(sondes ETO, endocavitaires, perop\u00e9ratoires et coeliscopiques, verres trois miroirs, insufflateurs manuels).<\/p>\n<p>Sa formulation unique permet un taux r\u00e9duit en glutarald\u00e9hyde (seulement 0.425%).<\/p>\n<p><strong>Actif sur le Coronavirus.<\/strong><\/p>\n<p>La solution active est non corrosive pour le mat\u00e9riel et n&#8217;est pas dangereuse par inhalation. Elle est biod\u00e9gradable \u00e0 87% en 28 jours.<\/p>\n<p>Ce conditionnement d&#8217;Alkacide est une\u00a0<span class=\"gras\">solution pr\u00eate \u00e0 l&#8217;emploi et correspond \u00e0 une dilution \u00e0 5% d&#8217;<a class=\"lientep\" href=\"https:\/\/www.distrimed.com\/product_info.php?products_id=10905\">Alkacide concentr\u00e9<\/a>.<\/span><\/p>\n","protected":false},"excerpt":{"rendered":"<p>Alkacide d\u00e9sinfectant pr\u00eat \u00e0 l&#8217;emploi Ce\u00a0d\u00e9sinfectant de haut niveau\u00a0s&#8217;utilise apr\u00e8s un nettoyage d\u00e9prot\u00e9inisant (avec le d\u00e9tergent d\u00e9sinfectant Alkazyme par exemple) lors de la\u00a0d\u00e9sinfection par immersion sur de l&#8217;instrumentation, du mat\u00e9riel d&#8217;endoscopie souple et rigide, des dispositifs m\u00e9dicaux thermosensibles invasifs et non invasifs\u00a0(sondes ETO, endocavitaires, perop\u00e9ratoires et coeliscopiques, verres trois miroirs, insufflateurs manuels). Sa formulation unique [&hellip;]<\/p>\n","protected":false},"featured_media":1305,"template":"","meta":{"_monsterinsights_skip_tracking":false,"_monsterinsights_sitenote_active":false,"_monsterinsights_sitenote_note":"","_monsterinsights_sitenote_category":0,"spay_email":""},"class_list":["post-1176","product","type-product","status-publish","has-post-thumbnail","hentry","product_cat-desinfection-instrumentation"],"_links":{"self":[{"href":"https:\/\/sterilav.com\/index.php\/wp-json\/wp\/v2\/product\/1176","targetHints":{"allow":["GET"]}}],"collection":[{"href":"https:\/\/sterilav.com\/index.php\/wp-json\/wp\/v2\/product"}],"about":[{"href":"https:\/\/sterilav.com\/index.php\/wp-json\/wp\/v2\/types\/product"}],"wp:featuredmedia":[{"embeddable":true,"href":"https:\/\/sterilav.com\/index.php\/wp-json\/wp\/v2\/media\/1305"}],"wp:attachment":[{"href":"https:\/\/sterilav.com\/index.php\/wp-json\/wp\/v2\/media?parent=1176"}],"curies":[{"name":"wp","href":"https:\/\/api.w.org\/{rel}","templated":true}]}}