{"id":651,"date":"2019-11-23T11:14:41","date_gmt":"2019-11-23T10:14:41","guid":{"rendered":"https:\/\/sterilav.com\/?page_id=651"},"modified":"2019-11-23T11:16:24","modified_gmt":"2019-11-23T10:16:24","slug":"vehicule-durgence-ambulance","status":"publish","type":"page","link":"https:\/\/sterilav.com\/index.php\/vehicule-durgence-ambulance\/","title":{"rendered":"V\u00e9hicule d&#8217;urgence\/Ambulance"},"content":{"rendered":"\n<div class=\"wp-block-columns has-2-columns is-layout-flex wp-container-core-columns-is-layout-9d6595d7 wp-block-columns-is-layout-flex\">\n<div class=\"wp-block-column is-layout-flow wp-block-column-is-layout-flow\">\n<figure class=\"wp-block-image\"><img fetchpriority=\"high\" decoding=\"async\" width=\"640\" height=\"427\" src=\"https:\/\/sterilav.com\/wp-content\/uploads\/2019\/11\/222.jpg\" alt=\"\" class=\"wp-image-751\" srcset=\"https:\/\/sterilav.com\/wp-content\/uploads\/2019\/11\/222.jpg 640w, https:\/\/sterilav.com\/wp-content\/uploads\/2019\/11\/222-600x400.jpg 600w, https:\/\/sterilav.com\/wp-content\/uploads\/2019\/11\/222-300x200.jpg 300w\" sizes=\"(max-width: 640px) 100vw, 640px\" \/><\/figure>\n<\/div>\n\n\n\n<div class=\"wp-block-column is-layout-flow wp-block-column-is-layout-flow\">\n<figure class=\"wp-block-image\"><img decoding=\"async\" width=\"1024\" height=\"685\" src=\"https:\/\/sterilav.com\/wp-content\/uploads\/2019\/11\/hygiene11-1024x685.jpg\" alt=\"\" class=\"wp-image-752\" srcset=\"https:\/\/sterilav.com\/wp-content\/uploads\/2019\/11\/hygiene11.jpg 1024w, https:\/\/sterilav.com\/wp-content\/uploads\/2019\/11\/hygiene11-600x401.jpg 600w, https:\/\/sterilav.com\/wp-content\/uploads\/2019\/11\/hygiene11-300x201.jpg 300w, https:\/\/sterilav.com\/wp-content\/uploads\/2019\/11\/hygiene11-768x514.jpg 768w\" sizes=\"(max-width: 1024px) 100vw, 1024px\" \/><\/figure>\n<\/div>\n<\/div>\n\n\n\n<div class=\"wp-block-button aligncenter\"><a class=\"wp-block-button__link\">Voir Vid\u00e9os<\/a><\/div>\n\n\n\n<div class=\"wp-block-columns has-2-columns is-layout-flex wp-container-core-columns-is-layout-9d6595d7 wp-block-columns-is-layout-flex\">\n<div class=\"wp-block-column is-layout-flow wp-block-column-is-layout-flow\">\n<figure class=\"wp-block-embed-facebook wp-block-embed is-type-video is-provider-facebook\"><div class=\"wp-block-embed__wrapper\">\n<div id=\"fb-root\"><\/div><script async=\"1\" defer=\"1\" crossorigin=\"anonymous\" src=\"https:\/\/connect.facebook.net\/fr_FR\/sdk.js#xfbml=1&amp;version=v8.0\" nonce=\"1raK6rJd\"><\/script><div class=\"fb-video\" data-href=\"https:\/\/www.facebook.com\/sterilav.tunisie\/videos\/780872005689185\/\" data-width=\"1170\"><blockquote cite=\"https:\/\/www.facebook.com\/sterilav.tunisie\/videos\/780872005689185\/\" class=\"fb-xfbml-parse-ignore\"><a href=\"https:\/\/www.facebook.com\/sterilav.tunisie\/videos\/780872005689185\/\">Bionettoyage Ambulance\/v\u00e9hicule urgence<\/a><p>Bionettoyage Ambulance\/v\u00e9hicule urgenceSfax-TunisieTel : 24 19 20 20www.sterilav.com<\/p>Publi\u00e9e par <a href=\"https:\/\/www.facebook.com\/sterilav.tunisie\/\">SteriLav &#8211; Nettoyage D\u00e9sinfection<\/a> sur Samedi 23 novembre 2019<\/blockquote><\/div>\n<\/div><\/figure>\n<\/div>\n\n\n\n<div class=\"wp-block-column is-layout-flow wp-block-column-is-layout-flow\">\n<figure class=\"wp-block-embed-facebook wp-block-embed is-type-video is-provider-facebook\"><div class=\"wp-block-embed__wrapper\">\n<div id=\"fb-root\"><\/div><script async=\"1\" defer=\"1\" crossorigin=\"anonymous\" src=\"https:\/\/connect.facebook.net\/fr_FR\/sdk.js#xfbml=1&amp;version=v8.0\" nonce=\"CbHT6MUW\"><\/script><div class=\"fb-video\" data-href=\"https:\/\/www.facebook.com\/sterilav.tunisie\/videos\/824563574627411\/\" data-width=\"1170\"><blockquote cite=\"https:\/\/www.facebook.com\/sterilav.tunisie\/videos\/824563574627411\/\" class=\"fb-xfbml-parse-ignore\"><a href=\"https:\/\/www.facebook.com\/sterilav.tunisie\/videos\/824563574627411\/\">Sterilav &#8211; Promo M\u00e9dical<\/a><p>Sterilav &#8211; Promo M\u00e9dicalnettoyage d\u00e9sinfectionwww.sterilav.comTel : 24 19 20 20Sfax-TunisieOffre de service sur toute l&#039;\u00e9tendue du territoire national<\/p>Publi\u00e9e par <a href=\"https:\/\/www.facebook.com\/sterilav.tunisie\/\">SteriLav &#8211; Nettoyage D\u00e9sinfection<\/a> sur Mercredi 6 novembre 2019<\/blockquote><\/div>\n<\/div><\/figure>\n<\/div>\n<\/div>\n","protected":false},"excerpt":{"rendered":"","protected":false},"author":1,"featured_media":0,"parent":0,"menu_order":0,"comment_status":"closed","ping_status":"closed","template":"","meta":{"_monsterinsights_skip_tracking":false,"_monsterinsights_sitenote_active":false,"_monsterinsights_sitenote_note":"","_monsterinsights_sitenote_category":0,"spay_email":"","footnotes":""},"class_list":["post-651","page","type-page","status-publish","hentry"],"_links":{"self":[{"href":"https:\/\/sterilav.com\/index.php\/wp-json\/wp\/v2\/pages\/651","targetHints":{"allow":["GET"]}}],"collection":[{"href":"https:\/\/sterilav.com\/index.php\/wp-json\/wp\/v2\/pages"}],"about":[{"href":"https:\/\/sterilav.com\/index.php\/wp-json\/wp\/v2\/types\/page"}],"author":[{"embeddable":true,"href":"https:\/\/sterilav.com\/index.php\/wp-json\/wp\/v2\/users\/1"}],"replies":[{"embeddable":true,"href":"https:\/\/sterilav.com\/index.php\/wp-json\/wp\/v2\/comments?post=651"}],"version-history":[{"count":7,"href":"https:\/\/sterilav.com\/index.php\/wp-json\/wp\/v2\/pages\/651\/revisions"}],"predecessor-version":[{"id":758,"href":"https:\/\/sterilav.com\/index.php\/wp-json\/wp\/v2\/pages\/651\/revisions\/758"}],"wp:attachment":[{"href":"https:\/\/sterilav.com\/index.php\/wp-json\/wp\/v2\/media?parent=651"}],"curies":[{"name":"wp","href":"https:\/\/api.w.org\/{rel}","templated":true}]}}