{"id":575,"date":"2019-11-10T18:21:16","date_gmt":"2019-11-10T17:21:16","guid":{"rendered":"https:\/\/sterilav.com\/?page_id=575"},"modified":"2019-11-17T21:04:53","modified_gmt":"2019-11-17T20:04:53","slug":"creches","status":"publish","type":"page","link":"https:\/\/sterilav.com\/index.php\/creches\/","title":{"rendered":"Cr\u00e8ches\/Jardin d&#8217;enfant\/Ecole"},"content":{"rendered":"\t\t<div data-elementor-type=\"wp-page\" data-elementor-id=\"575\" class=\"elementor elementor-575\">\n\t\t\t\t\t\t<section class=\"elementor-section elementor-top-section elementor-element elementor-element-8b213d5 elementor-section-boxed elementor-section-height-default elementor-section-height-default\" data-id=\"8b213d5\" data-element_type=\"section\" data-e-type=\"section\">\n\t\t\t\t\t\t<div class=\"elementor-container elementor-column-gap-default\">\n\t\t\t\t\t<div class=\"elementor-column elementor-col-100 elementor-top-column elementor-element elementor-element-6ea2459\" data-id=\"6ea2459\" data-element_type=\"column\" data-e-type=\"column\">\n\t\t\t<div class=\"elementor-widget-wrap elementor-element-populated\">\n\t\t\t\t\t\t<div class=\"elementor-element elementor-element-ef8eb61 elementor-widget elementor-widget-video\" data-id=\"ef8eb61\" data-element_type=\"widget\" data-e-type=\"widget\" data-settings=\"{&quot;youtube_url&quot;:&quot;https:\\\/\\\/www.youtube.com\\\/watch?v=0uLLIj2hiYc&quot;,&quot;video_type&quot;:&quot;youtube&quot;,&quot;controls&quot;:&quot;yes&quot;}\" data-widget_type=\"video.default\">\n\t\t\t\t<div class=\"elementor-widget-container\">\n\t\t\t\t\t\t\t<div class=\"elementor-wrapper elementor-open-inline\">\n\t\t\t<div class=\"elementor-video\"><\/div>\t\t<\/div>\n\t\t\t\t\t\t<\/div>\n\t\t\t\t<\/div>\n\t\t\t\t\t<\/div>\n\t\t<\/div>\n\t\t\t\t\t<\/div>\n\t\t<\/section>\n\t\t\t\t<section class=\"elementor-section elementor-top-section elementor-element elementor-element-007ab1a elementor-section-boxed elementor-section-height-default elementor-section-height-default\" data-id=\"007ab1a\" data-element_type=\"section\" data-e-type=\"section\">\n\t\t\t\t\t\t<div class=\"elementor-container elementor-column-gap-default\">\n\t\t\t\t\t<div class=\"elementor-column elementor-col-50 elementor-top-column elementor-element elementor-element-130890e\" data-id=\"130890e\" data-element_type=\"column\" data-e-type=\"column\">\n\t\t\t<div class=\"elementor-widget-wrap elementor-element-populated\">\n\t\t\t\t\t\t<div class=\"elementor-element elementor-element-f30bf86 elementor-widget elementor-widget-image\" data-id=\"f30bf86\" data-element_type=\"widget\" data-e-type=\"widget\" data-widget_type=\"image.default\">\n\t\t\t\t<div class=\"elementor-widget-container\">\n\t\t\t\t\t\t\t\t\t\t\t\t\t\t\t<img fetchpriority=\"high\" decoding=\"async\" width=\"1024\" height=\"576\" src=\"https:\/\/sterilav.com\/wp-content\/uploads\/2019\/11\/maxresdefault-2-1024x576.jpg\" class=\"attachment-large size-large wp-image-621\" alt=\"\" srcset=\"https:\/\/sterilav.com\/wp-content\/uploads\/2019\/11\/maxresdefault-2-1024x576.jpg 1024w, https:\/\/sterilav.com\/wp-content\/uploads\/2019\/11\/maxresdefault-2-600x338.jpg 600w, https:\/\/sterilav.com\/wp-content\/uploads\/2019\/11\/maxresdefault-2-300x169.jpg 300w, https:\/\/sterilav.com\/wp-content\/uploads\/2019\/11\/maxresdefault-2-768x432.jpg 768w, https:\/\/sterilav.com\/wp-content\/uploads\/2019\/11\/maxresdefault-2.jpg 1280w\" sizes=\"(max-width: 1024px) 100vw, 1024px\" \/>\t\t\t\t\t\t\t\t\t\t\t\t\t\t\t<\/div>\n\t\t\t\t<\/div>\n\t\t\t\t\t<\/div>\n\t\t<\/div>\n\t\t\t\t<div class=\"elementor-column elementor-col-50 elementor-top-column elementor-element elementor-element-c53ab07\" data-id=\"c53ab07\" data-element_type=\"column\" data-e-type=\"column\">\n\t\t\t<div class=\"elementor-widget-wrap elementor-element-populated\">\n\t\t\t\t\t\t<div class=\"elementor-element elementor-element-1dda21a elementor-widget elementor-widget-image\" data-id=\"1dda21a\" data-element_type=\"widget\" data-e-type=\"widget\" data-widget_type=\"image.default\">\n\t\t\t\t<div class=\"elementor-widget-container\">\n\t\t\t\t\t\t\t\t\t\t\t\t\t\t\t<img decoding=\"async\" src=\"https:\/\/sterilav.com\/wp-content\/uploads\/elementor\/thumbs\/ob_c97c69_appareil-nettoyrant-vapeur-creche-ogj50g9gusg22mkbdmewtdubygmyie86wb2j7tuy3g.png\" title=\"ob_c97c69_appareil-nettoyrant-vapeur-creche\" alt=\"ob_c97c69_appareil-nettoyrant-vapeur-creche\" loading=\"lazy\" \/>\t\t\t\t\t\t\t\t\t\t\t\t\t\t\t<\/div>\n\t\t\t\t<\/div>\n\t\t\t\t\t<\/div>\n\t\t<\/div>\n\t\t\t\t\t<\/div>\n\t\t<\/section>\n\t\t\t\t<section class=\"elementor-section elementor-top-section elementor-element elementor-element-181421a elementor-section-boxed elementor-section-height-default elementor-section-height-default\" data-id=\"181421a\" data-element_type=\"section\" data-e-type=\"section\">\n\t\t\t\t\t\t<div class=\"elementor-container elementor-column-gap-default\">\n\t\t\t\t\t<div class=\"elementor-column elementor-col-100 elementor-top-column elementor-element elementor-element-9c14641\" data-id=\"9c14641\" data-element_type=\"column\" data-e-type=\"column\">\n\t\t\t<div class=\"elementor-widget-wrap elementor-element-populated\">\n\t\t\t\t\t\t<div class=\"elementor-element elementor-element-e9db2cd elementor-widget elementor-widget-heading\" data-id=\"e9db2cd\" data-element_type=\"widget\" data-e-type=\"widget\" data-widget_type=\"heading.default\">\n\t\t\t\t<div class=\"elementor-widget-container\">\n\t\t\t\t\t<h2 class=\"elementor-heading-title elementor-size-default\">NETTOYAGE VAPEUR D\u2019UNE STRUCTURE D\u2019ACCUEIL<p style=\"margin-bottom: 20px;line-height: 1.6;font-family: Raleway, Arial, Helvetica, sans-serif;font-size: 15px;font-weight: 500;white-space: normal;text-align: justify\">Les \u00e9tablissements d\u00e9di\u00e9s \u00e0 la petite enfance se tournent d\u00e9sormais vers des solutions&nbsp;<span style=\"font-weight: 700\">100% \u00e9cologiques<\/span>&nbsp;et qui ne pr\u00e9sentent aucun danger pour la sant\u00e9. L\u2019utilisation de vapeur \u00e0 165-174\u00b0C garantit un nettoyage hautement hygi\u00e9nique&nbsp; et assure une&nbsp;<span style=\"font-weight: 700\">\u00e9limination totale des bact\u00e9ries et autres germes<\/span>. La gamme de g\u00e9n\u00e9rateur vapeur permet de d\u00e9sinfecter tous types de surfaces (WC, sols, jouets d\u2019\u00e9veil, tapis, \u2026) et aspirer les particules du quotidien (poussi\u00e8res, nourriture, \u2026) pour un nettoyage 100% hygi\u00e9nique et particuli\u00e8rement respectueux de l\u2019environnement.<\/p><\/h2>\t\t\t\t<\/div>\n\t\t\t\t<\/div>\n\t\t\t\t\t<\/div>\n\t\t<\/div>\n\t\t\t\t\t<\/div>\n\t\t<\/section>\n\t\t\t\t<\/div>\n\t\t","protected":false},"excerpt":{"rendered":"<p>NETTOYAGE VAPEUR D\u2019UNE STRUCTURE D\u2019ACCUEIL Les \u00e9tablissements d\u00e9di\u00e9s \u00e0 la petite enfance se tournent d\u00e9sormais vers des solutions&nbsp;100% \u00e9cologiques&nbsp;et qui ne pr\u00e9sentent aucun danger pour la sant\u00e9. L\u2019utilisation de vapeur \u00e0 165-174\u00b0C garantit un nettoyage hautement hygi\u00e9nique&nbsp; et assure une&nbsp;\u00e9limination totale des bact\u00e9ries et autres germes. La gamme de g\u00e9n\u00e9rateur vapeur permet de d\u00e9sinfecter tous [&hellip;]<\/p>\n","protected":false},"author":1,"featured_media":0,"parent":0,"menu_order":0,"comment_status":"closed","ping_status":"closed","template":"","meta":{"_monsterinsights_skip_tracking":false,"_monsterinsights_sitenote_active":false,"_monsterinsights_sitenote_note":"","_monsterinsights_sitenote_category":0,"spay_email":"","footnotes":""},"class_list":["post-575","page","type-page","status-publish","hentry"],"_links":{"self":[{"href":"https:\/\/sterilav.com\/index.php\/wp-json\/wp\/v2\/pages\/575","targetHints":{"allow":["GET"]}}],"collection":[{"href":"https:\/\/sterilav.com\/index.php\/wp-json\/wp\/v2\/pages"}],"about":[{"href":"https:\/\/sterilav.com\/index.php\/wp-json\/wp\/v2\/types\/page"}],"author":[{"embeddable":true,"href":"https:\/\/sterilav.com\/index.php\/wp-json\/wp\/v2\/users\/1"}],"replies":[{"embeddable":true,"href":"https:\/\/sterilav.com\/index.php\/wp-json\/wp\/v2\/comments?post=575"}],"version-history":[{"count":8,"href":"https:\/\/sterilav.com\/index.php\/wp-json\/wp\/v2\/pages\/575\/revisions"}],"predecessor-version":[{"id":724,"href":"https:\/\/sterilav.com\/index.php\/wp-json\/wp\/v2\/pages\/575\/revisions\/724"}],"wp:attachment":[{"href":"https:\/\/sterilav.com\/index.php\/wp-json\/wp\/v2\/media?parent=575"}],"curies":[{"name":"wp","href":"https:\/\/api.w.org\/{rel}","templated":true}]}}