{"id":418,"date":"2019-11-10T18:10:34","date_gmt":"2019-11-10T17:10:34","guid":{"rendered":"https:\/\/sterilav.com\/?page_id=418"},"modified":"2019-11-17T21:05:48","modified_gmt":"2019-11-17T20:05:48","slug":"espace-du-groupe","status":"publish","type":"page","link":"https:\/\/sterilav.com\/index.php\/espace-du-groupe\/","title":{"rendered":"Espace"},"content":{"rendered":"\n<h2 class=\"wp-block-heading\">service pour :<\/h2>\n\n\n\n<ul class=\"wp-block-list\"><li>Boulangerie<\/li><li>P\u00e2tisserie<\/li><li>H\u00f4tellerie <\/li><li>Foyer<\/li><li>Jardin d&#8217;enfants<\/li><li>Cr\u00e8ches<\/li><li>Ecole<\/li><li>Institue<\/li><li>Salon de Th\u00e9<\/li><li>Salle des f\u00eates <\/li><li>Grand surface\/supermarch\u00e9 <\/li><\/ul>\n\n\n\n<div class=\"wp-block-button aligncenter\"><a class=\"wp-block-button__link has-background has-vivid-cyan-blue-background-color\" href=\"https:\/\/sterilav.com\/index.php\/collectivite\/\">Voir Vid\u00e9os<\/a><\/div>\n\n\n\n<h2 class=\"wp-block-heading\">Le bionettoyage vapeur : La solution&nbsp; pour la propret\u00e9 et l\u2019hygi\u00e8ne en collectivit\u00e9s.<\/h2>\n\n\n\n<ul class=\"wp-block-list\"><li>Efficacit\u00e9 : d\u00e9tergence<\/li><\/ul>\n\n\n\n<h3 class=\"wp-block-heading\"><\/h3>\n\n\n\n<div class=\"wp-block-image\"><figure class=\"aligncenter\"><img decoding=\"async\" src=\"http:\/\/www.sanivap.fr\/wp-content\/uploads\/DETERGENCE.jpg\" alt=\"DETERGENCE\"\/><\/figure><\/div>\n\n\n\n<p><\/p>\n\n\n\n<p style=\"text-align:justify\">La vapeur \u00e0 haute temp\u00e9rature (150\u00b0 C) et sous pression (5 bars) fournit une puissance de nettoyage \u00e0 toute \u00e9preuve.<\/p>\n\n\n\n<p style=\"text-align:justify\">La vapeur, exempte de tous&nbsp;min\u00e9raux et sans conductivit\u00e9 \u00e9lectrique, neutralise les charges \u00e9lectrostatiques des poussi\u00e8res. La vapeur agit comme un gaz chaud dont la chaleur fait fondre les graisses et&nbsp;supprime toutes les particules de salet\u00e9.<\/p>\n\n\n\n<p style=\"text-align:justify\">La vapeur agit dans les endroits difficiles d\u2019acc\u00e8s&nbsp;et \u00e9limine les salissures. Le nettoyage est plus facile, plus efficace et plus durable.<\/p>\n\n\n\n<p style=\"text-align:justify\">La vapeur \u00e9limine le biofilm bact\u00e9rien et permet ainsi une excellente r\u00e9novation des surfaces.<\/p>\n\n\n\n<p style=\"text-align:justify\">Les tissus microfibres fix\u00e9s aux accessoires&nbsp;permettent une parfaite \u00e9limination des salissures. Il est \u00e9galement possible d\u2019utiliser un appareil muni d\u2019un aspirateur pour assurer cette \u00e9limination.<\/p>\n\n\n\n<ul class=\"wp-block-list\"><li>Efficacit\u00e9 : d\u00e9sinfection<\/li><\/ul>\n\n\n\n<p style=\"text-align:justify\">La temp\u00e9rature de la vapeur garantit une&nbsp;efficacit\u00e9 biocide puissante et les excellents r\u00e9sultats de d\u00e9sinfection sont conformes aux normes europ\u00e9ennes NF EN 14561 : 2007, NF EN 15562 : 2006, NF EN 14563 : 2004 et \u00e0 la norme&nbsp; NF T72- 281<\/p>\n\n\n\n<ul class=\"wp-block-list\"><li>bact\u00e9ricidie &gt; 5 Logs r\u00e9duction<\/li><li>myco-bact\u00e9ricidie&nbsp; &gt; 4 Logs r\u00e9duction<\/li><li>virucudie&nbsp; &gt; 4 Logs r\u00e9ductionlevuricidie&nbsp; &gt; 4 Logs r\u00e9duction<\/li><li>sporicidie &gt;&nbsp;3 Logs r\u00e9duction (vapeur combin\u00e9e avec une solution de peroxyde d\u2019hydrog\u00e8ne 7.5%)<\/li><\/ul>\n\n\n\n<ul class=\"wp-block-list\"><li>Simplicit\u00e9 et rapidit\u00e9<\/li><\/ul>\n\n\n\n<div class=\"wp-block-image\"><figure class=\"aligncenter\"><img decoding=\"async\" src=\"http:\/\/www.sanivap.fr\/wp-content\/uploads\/SANTE-Chronom%C3%A8tre-300x300.jpg\" alt=\"RAPIDITE chronometre\" class=\"wp-image-759\"\/><\/figure><\/div>\n\n\n\n<p style=\"text-align:justify\">La vapeur&nbsp;assure la d\u00e9tergence et la d\u00e9sinfection des surfaces en un seul passage. Cette combinaison assure gain de temps et simplicit\u00e9 des op\u00e9rations de bionettoyage.<\/p>\n\n\n\n<p style=\"text-align:justify\">Le bionettoyage vapeur permet \u00e9galement&nbsp; de r\u00e9duire la fr\u00e9quence de certaines op\u00e9rations du fait du moindre encrassement des surfaces&nbsp;obtenu&nbsp;gr\u00e2ce \u00e0&nbsp;la vapeur.<\/p>\n\n\n\n<p style=\"text-align:justify\">Le bionettoyage vapeur r\u00e9duit la p\u00e9nibilit\u00e9 des op\u00e9rations pour le personnel ; il valorise mieux&nbsp;les t\u00e2ches de bionettoyage et&nbsp;motive&nbsp;davantage le personnel concern\u00e9.<\/p>\n\n\n\n<ul class=\"wp-block-list\"><li>Economie<\/li><\/ul>\n\n\n\n<p style=\"text-align:justify\">L\u2019absence d\u2019utilisation de produits chimiques d\u00e9tergents et d\u00e9sinfectants&nbsp;g\u00e9n\u00e8re des \u00e9conomies importantes sur les co\u00fbts d\u2019entretien. De plus, le bionettoyage vapeur&nbsp; ne consomme que tr\u00e8s peu d\u2019eau.<\/p>\n\n\n\n<ul class=\"wp-block-list\"><li>100% \u00e9cologique<\/li><\/ul>\n\n\n\n<h3 class=\"wp-block-heading\"><\/h3>\n\n\n\n<p style=\"text-align:justify\">Le bionettoyage vapeur contribue aux objectifs de d\u00e9veloppement durable : aucun produit chimique&nbsp;, consommation d\u2019eau tr\u00e8s r\u00e9duite, aucun rejet&nbsp;polluant. C\u2019est une&nbsp;m\u00e9thode 100% \u00e9cologique.<\/p>\n\n\n\n<p style=\"text-align:justify\">Le bionettoyage vapeur&nbsp; associe&nbsp;r\u00e9sultats probants et respect de l\u2019environnement.<\/p>\n","protected":false},"excerpt":{"rendered":"<p>service pour : Boulangerie P\u00e2tisserie H\u00f4tellerie Foyer Jardin d&#8217;enfants Cr\u00e8ches Ecole Institue Salon de Th\u00e9 Salle des f\u00eates Grand surface\/supermarch\u00e9 Le bionettoyage vapeur : La solution&nbsp; pour la propret\u00e9 et l\u2019hygi\u00e8ne en collectivit\u00e9s. Efficacit\u00e9 : d\u00e9tergence La vapeur \u00e0 haute temp\u00e9rature (150\u00b0 C) et sous pression (5 bars) fournit une puissance de nettoyage \u00e0 toute [&hellip;]<\/p>\n","protected":false},"author":1,"featured_media":0,"parent":0,"menu_order":0,"comment_status":"closed","ping_status":"closed","template":"","meta":{"_monsterinsights_skip_tracking":false,"_monsterinsights_sitenote_active":false,"_monsterinsights_sitenote_note":"","_monsterinsights_sitenote_category":0,"spay_email":"","footnotes":""},"class_list":["post-418","page","type-page","status-publish","hentry"],"_links":{"self":[{"href":"https:\/\/sterilav.com\/index.php\/wp-json\/wp\/v2\/pages\/418","targetHints":{"allow":["GET"]}}],"collection":[{"href":"https:\/\/sterilav.com\/index.php\/wp-json\/wp\/v2\/pages"}],"about":[{"href":"https:\/\/sterilav.com\/index.php\/wp-json\/wp\/v2\/types\/page"}],"author":[{"embeddable":true,"href":"https:\/\/sterilav.com\/index.php\/wp-json\/wp\/v2\/users\/1"}],"replies":[{"embeddable":true,"href":"https:\/\/sterilav.com\/index.php\/wp-json\/wp\/v2\/comments?post=418"}],"version-history":[{"count":4,"href":"https:\/\/sterilav.com\/index.php\/wp-json\/wp\/v2\/pages\/418\/revisions"}],"predecessor-version":[{"id":725,"href":"https:\/\/sterilav.com\/index.php\/wp-json\/wp\/v2\/pages\/418\/revisions\/725"}],"wp:attachment":[{"href":"https:\/\/sterilav.com\/index.php\/wp-json\/wp\/v2\/media?parent=418"}],"curies":[{"name":"wp","href":"https:\/\/api.w.org\/{rel}","templated":true}]}}