{"id":396,"date":"2019-10-30T16:55:08","date_gmt":"2019-10-30T15:55:08","guid":{"rendered":"http:\/\/sterilav.com\/?page_id=396"},"modified":"2019-11-10T16:44:13","modified_gmt":"2019-11-10T15:44:13","slug":"sante","status":"publish","type":"page","link":"https:\/\/sterilav.com\/index.php\/sante\/","title":{"rendered":"Sant\u00e9"},"content":{"rendered":"\n<h2 class=\"wp-block-heading\">Service pour :<\/h2>\n\n\n\n<ul class=\"wp-block-list\"><li><a href=\"https:\/\/sterilav.com\/index.php\/hopitaux-cliniques\">H\u00f4pitaux \/Clinique <\/a><\/li><\/ul>\n\n\n\n<ul class=\"wp-block-list\"><li><a href=\"https:\/\/sterilav.com\/index.php\/cabinet-medical\/\">Cabinet M\u00e9dical<\/a><\/li><\/ul>\n\n\n\n<ul class=\"wp-block-list\"><li><a href=\"https:\/\/sterilav.com\/index.php\/laboratoire-danalyse\/\">Laboratoire D&#8217;analyse <\/a><\/li><\/ul>\n\n\n\n<h2 class=\"wp-block-heading\">Le bionettoyage vapeur : La&nbsp;solution&nbsp;pour&nbsp;l\u2019hygi\u00e8ne dans les \u00e9tablissements de Sant\u00e9.<\/h2>\n\n\n\n<h3 class=\"wp-block-heading\">Efficacit\u00e9 : d\u00e9tergence<\/h3>\n\n\n\n<h3 class=\"wp-block-heading\"><\/h3>\n\n\n\n<p>Les dispositifs produisent une vapeur \u00e0 haute temp\u00e9rature qui garantit leur efficacit\u00e9 en terme de d\u00e9tergence : \u00e9limination des souillures et des biofilms, aucune trace r\u00e9siduelles\u00a0de produit chimique.<\/p>\n\n\n\n<p>La vapeur \u00e0 haute temp\u00e9rature (150\u00b0 C) et sous pression (5 bars) fournit une puissance de nettoyage \u00e0 toute \u00e9preuve.<\/p>\n\n\n\n<p>La vapeur obtenue, dite neutre, c\u2019est \u00e0 dire exempte de tous&nbsp;min\u00e9raux et d\u00e9charg\u00e9e de toute conductivit\u00e9 \u00e9lectrique, neutralise les charges statiques des formations poussi\u00e9reuses. La vapeur agit alors comme une substance gazeuse. Sa chaleur fait fondre les graisses en lib\u00e9rant et en supprimant toutes les particules de salet\u00e9 qui la composent.<\/p>\n\n\n\n<p>La vapeur p\u00e9n\u00e8tre dans les moindres recoins pour \u00e9liminer les salissures rendant ainsi le nettoyage plus simple, plus efficace et plus durable.<\/p>\n\n\n\n<p>La vapeur \u00e9limine les d\u00e9p\u00f4ts et biofilms et permet ainsi une excellente r\u00e9novation des surfaces.<\/p>\n\n\n\n<p>L\u2019utilisation de microfibres&nbsp;avec les accessoires assure&nbsp; une parfaite \u00e9limination de toutes les salissures.<\/p>\n\n\n\n<h3 class=\"wp-block-heading\">Efficacit\u00e9 : d\u00e9sinfection<\/h3>\n\n\n\n<h3 class=\"wp-block-heading\"><\/h3>\n\n\n\n<p>L\u2019action biocide puissante de la temp\u00e9rature de la vapeur assure \u00e9galement d\u2019excellents r\u00e9sultats en terme de d\u00e9sinfection en conformit\u00e9 avec&nbsp;les normes europ\u00e9ennes NF EN 14561&nbsp;: 2007, NF EN 15562 : 2006,&nbsp;NF&nbsp;EN 14563 : 2004 et&nbsp;\u00e0 la norme&nbsp; NF T72- 281<\/p>\n\n\n\n<ul class=\"wp-block-list\"><li>bact\u00e9ricidie &gt; 5 Logs r\u00e9duction<\/li><li>myco-bact\u00e9ricidie &nbsp;&gt; 4 Logs r\u00e9duction<\/li><li>virucudie &nbsp;&gt;&nbsp;4 Logs r\u00e9duction<\/li><li>levuricidie &nbsp;&gt; 4 Logs r\u00e9duction<\/li><li>sporicidie &gt;&nbsp;3 Logs r\u00e9duction (vapeur&nbsp;combin\u00e9e avec une solution de peroxyde d\u2019hydrog\u00e8ne 7.5%)<\/li><\/ul>\n\n\n\n<p>L\u2019efficacit\u00e9 de la m\u00e9thode vapeur a fait l\u2019objet de nombreuses validations en laboratoire et in-situ, de recommandations et de publications (Voir validations scientifiques et publications)<\/p>\n\n\n\n<p>L\u2019injection d\u2019une solution de peroxyde d\u2019hydrog\u00e8ne dans le jet vapeur permet de renforcer l\u2019efficacit\u00e9 biocide de la vapeur en particulier sur les formes sporul\u00e9es tr\u00e8s r\u00e9sistantes.<\/p>\n\n\n\n<h3 class=\"wp-block-heading\">Simplicit\u00e9 et rapidit\u00e9<\/h3>\n\n\n\n<h3 class=\"wp-block-heading\"><\/h3>\n\n\n\n<p>L\u2019action de la vapeur&nbsp;permet la d\u00e9tergence et la d\u00e9sinfection des surfaces en un seul passage. Cette combinaison assure gain de temps et simplicit\u00e9 des op\u00e9rations de bionettoyage.<\/p>\n\n\n\n<p>La&nbsp;m\u00e9thode vapeur permet \u00e9galement&nbsp;d\u2019effectuer certaines&nbsp;t\u00e2ches de nettoyage avec une moindre&nbsp;fr\u00e9quence , compte tenu de la diminution de l\u2019encrassement des surfaces assur\u00e9e par la vapeur.<\/p>\n\n\n\n<p>Le bionettoyage vapeur&nbsp;diminue fatigue et t\u00e2ches fastidieuses pour le personnel en charge; il permet de valoriser les t\u00e2ches de nettoyage et augmente ainsi&nbsp;la motivation du personnel concern\u00e9.<\/p>\n\n\n\n<h3 class=\"wp-block-heading\">Economie<\/h3>\n\n\n\n<p>La m\u00e9thode vapeur dispense de l\u2019utilisation de produits d\u00e9tergents et d\u00e9sinfectants g\u00e9n\u00e9rant ainsi des \u00e9conomies significatives sur les budgets d\u2019entretien. La consommation d\u2019eau est \u00e9galement fortement r\u00e9duite. <\/p>\n\n\n\n<h3 class=\"wp-block-heading\">Respect de l\u2019environnement<\/h3>\n\n\n\n<div class=\"wp-block-image\"><figure class=\"alignleft\"><img decoding=\"async\" src=\"http:\/\/www.sanivap.fr\/wp-content\/uploads\/ECOLOGIE-150x150.jpg\" alt=\"ECOLOGIE terre\" class=\"wp-image-757\"\/><\/figure><\/div>\n\n\n\n<p>La m\u00e9thode vapeur r\u00e9pond totalement aux exigences de d\u00e9veloppement durable. D\u2019une part, elle n\u2019utilise aucun produit chimique et r\u00e9duit fortement la consommation d\u2019eau; d\u2019autre part, elle \u00e9limine tout rejet polluant. C\u2019est une\u00a0m\u00e9thode\u00a0100% \u00e9cologique.<\/p>\n\n\n\n<p>La m\u00e9thode est, sans nul doute, la solution d\u2019avenir capable d\u2019associer r\u00e9sultats probants et respect de l\u2019environnement.<\/p>\n","protected":false},"excerpt":{"rendered":"<p>Service pour : H\u00f4pitaux \/Clinique Cabinet M\u00e9dical Laboratoire D&#8217;analyse Le bionettoyage vapeur : La&nbsp;solution&nbsp;pour&nbsp;l\u2019hygi\u00e8ne dans les \u00e9tablissements de Sant\u00e9. Efficacit\u00e9 : d\u00e9tergence Les dispositifs produisent une vapeur \u00e0 haute temp\u00e9rature qui garantit leur efficacit\u00e9 en terme de d\u00e9tergence : \u00e9limination des souillures et des biofilms, aucune trace r\u00e9siduelles\u00a0de produit chimique. La vapeur \u00e0 haute temp\u00e9rature [&hellip;]<\/p>\n","protected":false},"author":1,"featured_media":0,"parent":0,"menu_order":0,"comment_status":"closed","ping_status":"closed","template":"elementor_canvas","meta":{"_monsterinsights_skip_tracking":false,"_monsterinsights_sitenote_active":false,"_monsterinsights_sitenote_note":"","_monsterinsights_sitenote_category":0,"spay_email":"","footnotes":""},"class_list":["post-396","page","type-page","status-publish","hentry"],"_links":{"self":[{"href":"https:\/\/sterilav.com\/index.php\/wp-json\/wp\/v2\/pages\/396","targetHints":{"allow":["GET"]}}],"collection":[{"href":"https:\/\/sterilav.com\/index.php\/wp-json\/wp\/v2\/pages"}],"about":[{"href":"https:\/\/sterilav.com\/index.php\/wp-json\/wp\/v2\/types\/page"}],"author":[{"embeddable":true,"href":"https:\/\/sterilav.com\/index.php\/wp-json\/wp\/v2\/users\/1"}],"replies":[{"embeddable":true,"href":"https:\/\/sterilav.com\/index.php\/wp-json\/wp\/v2\/comments?post=396"}],"version-history":[{"count":3,"href":"https:\/\/sterilav.com\/index.php\/wp-json\/wp\/v2\/pages\/396\/revisions"}],"predecessor-version":[{"id":556,"href":"https:\/\/sterilav.com\/index.php\/wp-json\/wp\/v2\/pages\/396\/revisions\/556"}],"wp:attachment":[{"href":"https:\/\/sterilav.com\/index.php\/wp-json\/wp\/v2\/media?parent=396"}],"curies":[{"name":"wp","href":"https:\/\/api.w.org\/{rel}","templated":true}]}}