{"id":1348,"date":"2022-10-10T13:02:56","date_gmt":"2022-10-10T11:02:56","guid":{"rendered":"https:\/\/sterilav.com\/?page_id=1348"},"modified":"2022-10-10T14:29:59","modified_gmt":"2022-10-10T12:29:59","slug":"1348-2","status":"publish","type":"page","link":"https:\/\/sterilav.com\/","title":{"rendered":"Partenaire d&#8217;hygi\u00e8ne"},"content":{"rendered":"\n<div class=\"wp-block-cover alignfull has-background-dim\" style=\"background-image:url(https:\/\/sterilav.com\/wp-content\/uploads\/2022\/10\/Banner-Oxivir-Blogeintrag-scaled.jpg)\"><div class=\"wp-block-cover__inner-container is-layout-flow wp-block-cover-is-layout-flow\">\n<p class=\"has-text-align-center has-huge-font-size\">Service Et Commerce M\u00e9dical<\/p>\n\n\n\n<p><\/p>\n<\/div><\/div>\n\n\n\n<h2 class=\"wp-block-heading\"><\/h2>\n\n\n\n<h2 class=\"has-text-align-center wp-block-heading\"><strong><em>STERILAV<\/em><\/strong><\/h2>\n\n\n\n<p style=\"font-size:25px\" class=\"has-text-align-center\"><strong>Service 3D <\/strong><\/p>\n\n\n\n<p style=\"font-size:25px\" class=\"has-text-align-center\"><strong>D\u00e9ratisation \/ D\u00e9sinsectisation \/ D\u00e9sinfection<\/strong><\/p>\n\n\n\n<p class=\"has-text-align-center\">selon le cahier de charge du minist\u00e8re de sant\u00e9 Tunisienne<\/p>\n\n\n\n<div class=\"alignwide\"><div id=\"metaslider-id-1070\" style=\"width: 100%;\" class=\"ml-slider-3-18-7 metaslider metaslider-flex metaslider-1070 ml-slider\">\n    <div id=\"metaslider_container_1070\">\n        <div id=\"metaslider_1070\">\n            <ul aria-live=\"polite\" class=\"slides\">\n                <li style=\"display: block; width: 100%;\" class=\"slide-1071 ms-image\"><a href=\"https:\/\/sterilav.com\/index.php\/deratisation\/\" target=\"_self\"><img fetchpriority=\"high\" decoding=\"async\" width=\"650\" height=\"555\" src=\"https:\/\/sterilav.com\/wp-content\/uploads\/2021\/01\/Deratisation-3-2.jpg\" class=\"slider-1070 slide-1071\" alt=\"\" rel=\"\" title=\"D%C3%A9ratisation\" style=\"margin: 0 auto; width: 84.491634491634%\" srcset=\"https:\/\/sterilav.com\/wp-content\/uploads\/2021\/01\/Deratisation-3-2.jpg 650w, https:\/\/sterilav.com\/wp-content\/uploads\/2021\/01\/Deratisation-3-2-300x256.jpg 300w, https:\/\/sterilav.com\/wp-content\/uploads\/2021\/01\/Deratisation-3-2-600x512.jpg 600w\" sizes=\"(max-width: 650px) 100vw, 650px\" \/><\/a><div class=\"caption-wrap\"><div class=\"caption\">D\u00e9ratisation<\/div><\/div><\/li>\n                <li style=\"display: none; width: 100%;\" class=\"slide-1072 ms-image\"><a href=\"https:\/\/sterilav.com\/index.php\/desinsectisation\/\" target=\"_self\"><img decoding=\"async\" width=\"512\" height=\"231\" src=\"https:\/\/sterilav.com\/wp-content\/uploads\/2021\/01\/unnamed.png\" class=\"slider-1070 slide-1072\" alt=\"\" rel=\"\" title=\"unnamed\" style=\"margin-top: 13.512834821429%\" srcset=\"https:\/\/sterilav.com\/wp-content\/uploads\/2021\/01\/unnamed.png 512w, https:\/\/sterilav.com\/wp-content\/uploads\/2021\/01\/unnamed-300x135.png 300w\" sizes=\"(max-width: 512px) 100vw, 512px\" \/><\/a><div class=\"caption-wrap\"><div class=\"caption\">D\u00e9sinsectisation<\/div><\/div><\/li>\n                <li style=\"display: none; width: 100%;\" class=\"slide-1073 ms-image\"><a href=\"https:\/\/sterilav.com\/index.php\/desinfection\/\" target=\"_self\"><img decoding=\"async\" width=\"650\" height=\"650\" src=\"https:\/\/sterilav.com\/wp-content\/uploads\/2021\/01\/arreter-fond-du-virus-corona-covid-19-cellules-virales_103981-37-1.jpg\" class=\"slider-1070 slide-1073\" alt=\"\" rel=\"\" title=\"arreter-fond-du-virus-corona-covid-19-cellules-virales_103981-37\" style=\"margin: 0 auto; width: 72.142857142857%\" srcset=\"https:\/\/sterilav.com\/wp-content\/uploads\/2021\/01\/arreter-fond-du-virus-corona-covid-19-cellules-virales_103981-37-1.jpg 650w, https:\/\/sterilav.com\/wp-content\/uploads\/2021\/01\/arreter-fond-du-virus-corona-covid-19-cellules-virales_103981-37-1-300x300.jpg 300w, https:\/\/sterilav.com\/wp-content\/uploads\/2021\/01\/arreter-fond-du-virus-corona-covid-19-cellules-virales_103981-37-1-150x150.jpg 150w, https:\/\/sterilav.com\/wp-content\/uploads\/2021\/01\/arreter-fond-du-virus-corona-covid-19-cellules-virales_103981-37-1-600x600.jpg 600w, https:\/\/sterilav.com\/wp-content\/uploads\/2021\/01\/arreter-fond-du-virus-corona-covid-19-cellules-virales_103981-37-1-100x100.jpg 100w\" sizes=\"(max-width: 650px) 100vw, 650px\" \/><\/a><div class=\"caption-wrap\"><div class=\"caption\">D\u00e9sinfection<\/div><\/div><\/li>\n                <li style=\"display: none; width: 100%;\" class=\"slide-1074 ms-image\"><a href=\"https:\/\/sterilav.com\/index.php\/deratisation\/\" target=\"_self\"><img loading=\"lazy\" decoding=\"async\" width=\"2048\" height=\"1072\" src=\"https:\/\/sterilav.com\/wp-content\/uploads\/2021\/01\/57390137_2189210561409145_6885328816009379840_o.png\" class=\"slider-1070 slide-1074\" alt=\"d\u00e9ratisation d\u00e9sinsectisation sfax\" rel=\"\" title=\"\u0645\u0643\u0627\u0641\u062d\u0629 \u0645\u0642\u0627\u0648\u0645\u0629 \u0627\u0644\u062d\u0634\u0631\u0627\u062a \u0627\u0644\u0641\u0626\u0631\u0627\u0646 \u0627\u0644\u0642\u0648\u0627\u0631\u0636\" style=\"margin-top: 9.8995535714286%\" srcset=\"https:\/\/sterilav.com\/wp-content\/uploads\/2021\/01\/57390137_2189210561409145_6885328816009379840_o.png 2048w, https:\/\/sterilav.com\/wp-content\/uploads\/2021\/01\/57390137_2189210561409145_6885328816009379840_o-300x157.png 300w, https:\/\/sterilav.com\/wp-content\/uploads\/2021\/01\/57390137_2189210561409145_6885328816009379840_o-1024x536.png 1024w, https:\/\/sterilav.com\/wp-content\/uploads\/2021\/01\/57390137_2189210561409145_6885328816009379840_o-768x402.png 768w, https:\/\/sterilav.com\/wp-content\/uploads\/2021\/01\/57390137_2189210561409145_6885328816009379840_o-1536x804.png 1536w, https:\/\/sterilav.com\/wp-content\/uploads\/2021\/01\/57390137_2189210561409145_6885328816009379840_o-1920x1005.png 1920w, https:\/\/sterilav.com\/wp-content\/uploads\/2021\/01\/57390137_2189210561409145_6885328816009379840_o-600x314.png 600w\" sizes=\"(max-width: 2048px) 100vw, 2048px\" \/><\/a><div class=\"caption-wrap\"><div class=\"caption\">\u0645\u0643\u0627\u0641\u062d\u0629 \u0645\u0642\u0627\u0648\u0645\u0629 \u0627\u0644\u062d\u0634\u0631\u0627\u062a \u0627\u0644\u0641\u0626\u0631\u0627\u0646 \u0627\u0644\u0642\u0648\u0627\u0631\u0636 <\/div><\/div><\/li>\n            <\/ul>\n        <\/div>\n        \n    <\/div>\n<\/div><\/div>\n\n\n\n<p style=\"font-size:25px\" class=\"has-text-align-center\"><strong>Produits D\u00e9sinfectant M\u00e9dical<\/strong><\/p>\n\n\n\n<div class=\"alignfull\"><div id=\"metaslider-id-1376\" style=\"width: 100%;\" class=\"ml-slider-3-18-7 metaslider metaslider-flex metaslider-1376 ml-slider\">\n    <div id=\"metaslider_container_1376\">\n        <div id=\"metaslider_1376\">\n            <ul aria-live=\"polite\" class=\"slides\">\n                <li style=\"display: block; width: 100%;\" class=\"slide-1377 ms-image\"><img loading=\"lazy\" decoding=\"async\" width=\"1200\" height=\"350\" src=\"https:\/\/sterilav.com\/wp-content\/uploads\/2022\/10\/marque-anios_1603355791.jpeg\" class=\"slider-1376 slide-1377\" alt=\"\" rel=\"\" title=\"marque-anios_1603355791\" style=\"margin-top: 21.488095238095%\" srcset=\"https:\/\/sterilav.com\/wp-content\/uploads\/2022\/10\/marque-anios_1603355791.jpeg 1200w, https:\/\/sterilav.com\/wp-content\/uploads\/2022\/10\/marque-anios_1603355791-300x88.jpeg 300w, https:\/\/sterilav.com\/wp-content\/uploads\/2022\/10\/marque-anios_1603355791-1024x299.jpeg 1024w, https:\/\/sterilav.com\/wp-content\/uploads\/2022\/10\/marque-anios_1603355791-768x224.jpeg 768w, https:\/\/sterilav.com\/wp-content\/uploads\/2022\/10\/marque-anios_1603355791-600x175.jpeg 600w\" sizes=\"(max-width: 1200px) 100vw, 1200px\" \/><\/li>\n                <li style=\"display: none; width: 100%;\" class=\"slide-1379 ms-image\"><img loading=\"lazy\" decoding=\"async\" width=\"1440\" height=\"958\" src=\"https:\/\/sterilav.com\/wp-content\/uploads\/2022\/10\/logo-7.png\" class=\"slider-1376 slide-1379\" alt=\"\" rel=\"\" title=\"logo-7\" style=\"margin-top: 2.8075396825397%\" srcset=\"https:\/\/sterilav.com\/wp-content\/uploads\/2022\/10\/logo-7.png 1440w, https:\/\/sterilav.com\/wp-content\/uploads\/2022\/10\/logo-7-300x200.png 300w, https:\/\/sterilav.com\/wp-content\/uploads\/2022\/10\/logo-7-1024x681.png 1024w, https:\/\/sterilav.com\/wp-content\/uploads\/2022\/10\/logo-7-768x511.png 768w, https:\/\/sterilav.com\/wp-content\/uploads\/2022\/10\/logo-7-600x399.png 600w\" sizes=\"(max-width: 1440px) 100vw, 1440px\" \/><\/li>\n                <li style=\"display: none; width: 100%;\" class=\"slide-1381 ms-image\"><img loading=\"lazy\" decoding=\"async\" width=\"975\" height=\"600\" src=\"https:\/\/sterilav.com\/wp-content\/uploads\/2022\/10\/D\u00e9sinfection-du-cabinet-m\u00e9dical-D\u00e9couvrez-la-gamme-Alkapharm.jpg\" class=\"slider-1376 slide-1381\" alt=\"\" rel=\"\" title=\"D\u00e9sinfection-du-cabinet-m\u00e9dical-D\u00e9couvrez-la-gamme-Alkapharm\" style=\"margin-top: 5.3021978021978%\" srcset=\"https:\/\/sterilav.com\/wp-content\/uploads\/2022\/10\/D\u00e9sinfection-du-cabinet-m\u00e9dical-D\u00e9couvrez-la-gamme-Alkapharm.jpg 975w, https:\/\/sterilav.com\/wp-content\/uploads\/2022\/10\/D\u00e9sinfection-du-cabinet-m\u00e9dical-D\u00e9couvrez-la-gamme-Alkapharm-300x185.jpg 300w, https:\/\/sterilav.com\/wp-content\/uploads\/2022\/10\/D\u00e9sinfection-du-cabinet-m\u00e9dical-D\u00e9couvrez-la-gamme-Alkapharm-768x473.jpg 768w, https:\/\/sterilav.com\/wp-content\/uploads\/2022\/10\/D\u00e9sinfection-du-cabinet-m\u00e9dical-D\u00e9couvrez-la-gamme-Alkapharm-600x369.jpg 600w\" sizes=\"(max-width: 975px) 100vw, 975px\" \/><\/li>\n                <li style=\"display: none; width: 100%;\" class=\"slide-1383 ms-image\"><img loading=\"lazy\" decoding=\"async\" width=\"750\" height=\"357\" src=\"https:\/\/sterilav.com\/wp-content\/uploads\/2022\/10\/marque-laboratoire-anios-sissel-france.jpg\" class=\"slider-1376 slide-1383\" alt=\"\" rel=\"\" title=\"marque-laboratoire-anios-sissel-france\" style=\"margin-top: 12.271428571429%\" srcset=\"https:\/\/sterilav.com\/wp-content\/uploads\/2022\/10\/marque-laboratoire-anios-sissel-france.jpg 750w, https:\/\/sterilav.com\/wp-content\/uploads\/2022\/10\/marque-laboratoire-anios-sissel-france-300x143.jpg 300w, https:\/\/sterilav.com\/wp-content\/uploads\/2022\/10\/marque-laboratoire-anios-sissel-france-600x286.jpg 600w\" sizes=\"(max-width: 750px) 100vw, 750px\" \/><\/li>\n            <\/ul>\n        <\/div>\n        \n    <\/div>\n<\/div><\/div>\n\n\n<div class=\"wc-block-grid wp-block-product-top-rated wc-block-product-top-rated has-3-columns has-multiple-rows\"><ul class=\"wc-block-grid__products\"><li class=\"wc-block-grid__product\">\n\t\t\t\t<a href=\"https:\/\/sterilav.com\/index.php\/produit\/appareil-desinfection-aerien\/\" class=\"wc-block-grid__product-link\">\n\t\t\t\t\t<div class=\"wc-block-grid__product-image\"><img loading=\"lazy\" decoding=\"async\" width=\"300\" height=\"300\" src=\"https:\/\/sterilav.com\/wp-content\/uploads\/2021\/01\/ULV-FOGGER-ST03V-300x300.jpg\" class=\"attachment-woocommerce_thumbnail size-woocommerce_thumbnail\" alt=\"Appareil d\u00e9sinfection a\u00e9rien\" srcset=\"https:\/\/sterilav.com\/wp-content\/uploads\/2021\/01\/ULV-FOGGER-ST03V-300x300.jpg 300w, https:\/\/sterilav.com\/wp-content\/uploads\/2021\/01\/ULV-FOGGER-ST03V-150x150.jpg 150w, https:\/\/sterilav.com\/wp-content\/uploads\/2021\/01\/ULV-FOGGER-ST03V-768x768.jpg 768w, https:\/\/sterilav.com\/wp-content\/uploads\/2021\/01\/ULV-FOGGER-ST03V-600x600.jpg 600w, https:\/\/sterilav.com\/wp-content\/uploads\/2021\/01\/ULV-FOGGER-ST03V-100x100.jpg 100w, https:\/\/sterilav.com\/wp-content\/uploads\/2021\/01\/ULV-FOGGER-ST03V.jpg 1000w\" sizes=\"(max-width: 300px) 100vw, 300px\" \/><\/div>\n\t\t\t\t\t<div class=\"wc-block-grid__product-title\">Appareil d\u00e9sinfection a\u00e9rien<\/div>\n\t\t\t\t<\/a>\n\t\t\t\t\n\t\t\t\t<div class=\"wc-block-grid__product-price price\"><\/div>\n\t\t\t\t\n\t\t\t\t<div class=\"wp-block-button wc-block-grid__product-add-to-cart\"><a href=\"https:\/\/sterilav.com\/index.php\/produit\/appareil-desinfection-aerien\/\" aria-label=\"Read more about &ldquo;Appareil d\u00e9sinfection a\u00e9rien&rdquo;\" data-quantity=\"1\" data-product_id=\"1278\" data-product_sku=\"\" rel=\"nofollow\" class=\"wp-block-button__link add_to_cart_button ajax_add_to_cart\">Read more<\/a><\/div>\n\t\t\t<\/li><li class=\"wc-block-grid__product\">\n\t\t\t\t<a href=\"https:\/\/sterilav.com\/index.php\/produit\/distributeur-de-savon-liquide-acier-inoxydable-mat-1000ml-r-3011\/\" class=\"wc-block-grid__product-link\">\n\t\t\t\t\t<div class=\"wc-block-grid__product-image\"><img loading=\"lazy\" decoding=\"async\" width=\"300\" height=\"300\" src=\"https:\/\/sterilav.com\/wp-content\/uploads\/2021\/01\/q2a5mscyda2s0yv27vn6.l-300x300.jpg\" class=\"attachment-woocommerce_thumbnail size-woocommerce_thumbnail\" alt=\"distributeur inox\" srcset=\"https:\/\/sterilav.com\/wp-content\/uploads\/2021\/01\/q2a5mscyda2s0yv27vn6.l-300x300.jpg 300w, https:\/\/sterilav.com\/wp-content\/uploads\/2021\/01\/q2a5mscyda2s0yv27vn6.l-150x150.jpg 150w, https:\/\/sterilav.com\/wp-content\/uploads\/2021\/01\/q2a5mscyda2s0yv27vn6.l-100x100.jpg 100w\" sizes=\"(max-width: 300px) 100vw, 300px\" \/><\/div>\n\t\t\t\t\t<div class=\"wc-block-grid__product-title\">DISTRIBUTEUR DE SAVON LIQUIDE ACIER INOXYDABLE MAT 1000ML R-3011<\/div>\n\t\t\t\t<\/a>\n\t\t\t\t\n\t\t\t\t<div class=\"wc-block-grid__product-price price\"><\/div>\n\t\t\t\t\n\t\t\t\t<div class=\"wp-block-button wc-block-grid__product-add-to-cart\"><a href=\"https:\/\/sterilav.com\/index.php\/produit\/distributeur-de-savon-liquide-acier-inoxydable-mat-1000ml-r-3011\/\" aria-label=\"Read more about &ldquo;DISTRIBUTEUR DE SAVON LIQUIDE ACIER INOXYDABLE MAT 1000ML R-3011&rdquo;\" data-quantity=\"1\" data-product_id=\"1276\" data-product_sku=\"\" rel=\"nofollow\" class=\"wp-block-button__link add_to_cart_button ajax_add_to_cart\">Read more<\/a><\/div>\n\t\t\t<\/li><li class=\"wc-block-grid__product\">\n\t\t\t\t<a href=\"https:\/\/sterilav.com\/index.php\/produit\/distributeur-de-savon-liquide-modele-s-manuel-800ml-r-3016-b\/\" class=\"wc-block-grid__product-link\">\n\t\t\t\t\t<div class=\"wc-block-grid__product-image\"><img loading=\"lazy\" decoding=\"async\" width=\"300\" height=\"300\" src=\"https:\/\/sterilav.com\/wp-content\/uploads\/2021\/01\/r-3016-manuel-s-model-sivi-sabun-sampuan-dispenseri-350-ml__0973304557077084-300x300.jpg\" class=\"attachment-woocommerce_thumbnail size-woocommerce_thumbnail\" alt=\"distributeur gel svon\" srcset=\"https:\/\/sterilav.com\/wp-content\/uploads\/2021\/01\/r-3016-manuel-s-model-sivi-sabun-sampuan-dispenseri-350-ml__0973304557077084-300x300.jpg 300w, https:\/\/sterilav.com\/wp-content\/uploads\/2021\/01\/r-3016-manuel-s-model-sivi-sabun-sampuan-dispenseri-350-ml__0973304557077084.jpg 1024w, https:\/\/sterilav.com\/wp-content\/uploads\/2021\/01\/r-3016-manuel-s-model-sivi-sabun-sampuan-dispenseri-350-ml__0973304557077084-150x150.jpg 150w, https:\/\/sterilav.com\/wp-content\/uploads\/2021\/01\/r-3016-manuel-s-model-sivi-sabun-sampuan-dispenseri-350-ml__0973304557077084-768x768.jpg 768w, https:\/\/sterilav.com\/wp-content\/uploads\/2021\/01\/r-3016-manuel-s-model-sivi-sabun-sampuan-dispenseri-350-ml__0973304557077084-600x600.jpg 600w, https:\/\/sterilav.com\/wp-content\/uploads\/2021\/01\/r-3016-manuel-s-model-sivi-sabun-sampuan-dispenseri-350-ml__0973304557077084-100x100.jpg 100w\" sizes=\"(max-width: 300px) 100vw, 300px\" \/><\/div>\n\t\t\t\t\t<div class=\"wc-block-grid__product-title\">DISTRIBUTEUR DE SAVON LIQUIDE MOD\u00c8LE S MANUEL 800ML R-3016 B<\/div>\n\t\t\t\t<\/a>\n\t\t\t\t\n\t\t\t\t<div class=\"wc-block-grid__product-price price\"><\/div>\n\t\t\t\t\n\t\t\t\t<div class=\"wp-block-button wc-block-grid__product-add-to-cart\"><a href=\"https:\/\/sterilav.com\/index.php\/produit\/distributeur-de-savon-liquide-modele-s-manuel-800ml-r-3016-b\/\" aria-label=\"Read more about &ldquo;DISTRIBUTEUR DE SAVON LIQUIDE MOD\u00c8LE S MANUEL 800ML R-3016 B&rdquo;\" data-quantity=\"1\" data-product_id=\"1274\" data-product_sku=\"\" rel=\"nofollow\" class=\"wp-block-button__link add_to_cart_button ajax_add_to_cart\">Read more<\/a><\/div>\n\t\t\t<\/li><li class=\"wc-block-grid__product\">\n\t\t\t\t<a href=\"https:\/\/sterilav.com\/index.php\/produit\/surfalkan\/\" class=\"wc-block-grid__product-link\">\n\t\t\t\t\t<div class=\"wc-block-grid__product-image\"><img loading=\"lazy\" decoding=\"async\" width=\"300\" height=\"300\" src=\"https:\/\/sterilav.com\/wp-content\/uploads\/2021\/01\/39035.L-300x300.jpg\" class=\"attachment-woocommerce_thumbnail size-woocommerce_thumbnail\" alt=\"SURFALKAN SH D\u00e9tergent d\u00e9sinfectant Surfaces hautes pr\u00eat \u00e0 l\u2019emploi\" srcset=\"https:\/\/sterilav.com\/wp-content\/uploads\/2021\/01\/39035.L-300x300.jpg 300w, https:\/\/sterilav.com\/wp-content\/uploads\/2021\/01\/39035.L-150x150.jpg 150w, https:\/\/sterilav.com\/wp-content\/uploads\/2021\/01\/39035.L-100x100.jpg 100w, https:\/\/sterilav.com\/wp-content\/uploads\/2021\/01\/39035.L.jpg 563w\" sizes=\"(max-width: 300px) 100vw, 300px\" \/><\/div>\n\t\t\t\t\t<div class=\"wc-block-grid__product-title\">Surfalkan SH d\u00e9tergent d\u00e9sinfectant<\/div>\n\t\t\t\t<\/a>\n\t\t\t\t\n\t\t\t\t<div class=\"wc-block-grid__product-price price\"><\/div>\n\t\t\t\t\n\t\t\t\t<div class=\"wp-block-button wc-block-grid__product-add-to-cart\"><a href=\"https:\/\/sterilav.com\/index.php\/produit\/surfalkan\/\" aria-label=\"Read more about &ldquo;Surfalkan SH d\u00e9tergent d\u00e9sinfectant&rdquo;\" data-quantity=\"1\" data-product_id=\"1214\" data-product_sku=\"\" rel=\"nofollow\" class=\"wp-block-button__link add_to_cart_button ajax_add_to_cart\">Read more<\/a><\/div>\n\t\t\t<\/li><li class=\"wc-block-grid__product\">\n\t\t\t\t<a href=\"https:\/\/sterilav.com\/index.php\/produit\/cidalkan\/\" class=\"wc-block-grid__product-link\">\n\t\t\t\t\t<div class=\"wc-block-grid__product-image\"><img loading=\"lazy\" decoding=\"async\" width=\"300\" height=\"300\" src=\"https:\/\/sterilav.com\/wp-content\/uploads\/2021\/01\/48161.L-300x300.jpg\" class=\"attachment-woocommerce_thumbnail size-woocommerce_thumbnail\" alt=\"Cidalkan Lingettes\" srcset=\"https:\/\/sterilav.com\/wp-content\/uploads\/2021\/01\/48161.L-300x300.jpg 300w, https:\/\/sterilav.com\/wp-content\/uploads\/2021\/01\/48161.L-150x150.jpg 150w, https:\/\/sterilav.com\/wp-content\/uploads\/2021\/01\/48161.L-100x100.jpg 100w, https:\/\/sterilav.com\/wp-content\/uploads\/2021\/01\/48161.L.jpg 563w\" sizes=\"(max-width: 300px) 100vw, 300px\" \/><\/div>\n\t\t\t\t\t<div class=\"wc-block-grid__product-title\">Cidalkan Lingettes<\/div>\n\t\t\t\t<\/a>\n\t\t\t\t\n\t\t\t\t<div class=\"wc-block-grid__product-price price\"><\/div>\n\t\t\t\t\n\t\t\t\t<div class=\"wp-block-button wc-block-grid__product-add-to-cart\"><a href=\"https:\/\/sterilav.com\/index.php\/produit\/cidalkan\/\" aria-label=\"Read more about &ldquo;Cidalkan Lingettes&rdquo;\" data-quantity=\"1\" data-product_id=\"1211\" data-product_sku=\"\" rel=\"nofollow\" class=\"wp-block-button__link add_to_cart_button ajax_add_to_cart\">Read more<\/a><\/div>\n\t\t\t<\/li><li class=\"wc-block-grid__product\">\n\t\t\t\t<a href=\"https:\/\/sterilav.com\/index.php\/produit\/machine-de-desinfection-a-vapeur-900w\/\" class=\"wc-block-grid__product-link\">\n\t\t\t\t\t<div class=\"wc-block-grid__product-image\"><img loading=\"lazy\" decoding=\"async\" width=\"300\" height=\"300\" src=\"https:\/\/sterilav.com\/wp-content\/uploads\/2021\/01\/102292269_110446814030615_5235140614961496064_n-300x300.png\" class=\"attachment-woocommerce_thumbnail size-woocommerce_thumbnail\" alt=\"\" srcset=\"https:\/\/sterilav.com\/wp-content\/uploads\/2021\/01\/102292269_110446814030615_5235140614961496064_n-300x300.png 300w, https:\/\/sterilav.com\/wp-content\/uploads\/2021\/01\/102292269_110446814030615_5235140614961496064_n-150x150.png 150w, https:\/\/sterilav.com\/wp-content\/uploads\/2021\/01\/102292269_110446814030615_5235140614961496064_n-768x768.png 768w, https:\/\/sterilav.com\/wp-content\/uploads\/2021\/01\/102292269_110446814030615_5235140614961496064_n-600x600.png 600w, https:\/\/sterilav.com\/wp-content\/uploads\/2021\/01\/102292269_110446814030615_5235140614961496064_n-100x100.png 100w, https:\/\/sterilav.com\/wp-content\/uploads\/2021\/01\/102292269_110446814030615_5235140614961496064_n.png 960w\" sizes=\"(max-width: 300px) 100vw, 300px\" \/><\/div>\n\t\t\t\t\t<div class=\"wc-block-grid__product-title\">Machine de d\u00e9sinfection \u00e0 Vapeur 900W<\/div>\n\t\t\t\t<\/a>\n\t\t\t\t\n\t\t\t\t<div class=\"wc-block-grid__product-price price\"><\/div>\n\t\t\t\t\n\t\t\t\t<div class=\"wp-block-button wc-block-grid__product-add-to-cart\"><a href=\"https:\/\/sterilav.com\/index.php\/produit\/machine-de-desinfection-a-vapeur-900w\/\" aria-label=\"Read more about &ldquo;Machine de d\u00e9sinfection \u00e0 Vapeur 900W&rdquo;\" data-quantity=\"1\" data-product_id=\"1208\" data-product_sku=\"\" rel=\"nofollow\" class=\"wp-block-button__link add_to_cart_button ajax_add_to_cart\">Read more<\/a><\/div>\n\t\t\t<\/li><li class=\"wc-block-grid__product\">\n\t\t\t\t<a href=\"https:\/\/sterilav.com\/index.php\/produit\/thermonebulisateur-modele-st-80w\/\" class=\"wc-block-grid__product-link\">\n\t\t\t\t\t<div class=\"wc-block-grid__product-image\"><img loading=\"lazy\" decoding=\"async\" width=\"300\" height=\"300\" src=\"https:\/\/sterilav.com\/wp-content\/uploads\/2020\/12\/80-w.jpg.0-300x300.jpg\" class=\"attachment-woocommerce_thumbnail size-woocommerce_thumbnail\" alt=\"Th\u00e9rmo-n\u00e9bulisateur STERILAV\" srcset=\"https:\/\/sterilav.com\/wp-content\/uploads\/2020\/12\/80-w.jpg.0-300x300.jpg 300w, https:\/\/sterilav.com\/wp-content\/uploads\/2020\/12\/80-w.jpg.0-150x150.jpg 150w, https:\/\/sterilav.com\/wp-content\/uploads\/2020\/12\/80-w.jpg.0-100x100.jpg 100w\" sizes=\"(max-width: 300px) 100vw, 300px\" \/><\/div>\n\t\t\t\t\t<div class=\"wc-block-grid__product-title\">Th\u00e9rmon\u00e9bulisateur MOD\u00c8LE: ST-80W<\/div>\n\t\t\t\t<\/a>\n\t\t\t\t\n\t\t\t\t<div class=\"wc-block-grid__product-price price\"><\/div>\n\t\t\t\t\n\t\t\t\t<div class=\"wp-block-button wc-block-grid__product-add-to-cart\"><a href=\"https:\/\/sterilav.com\/index.php\/produit\/thermonebulisateur-modele-st-80w\/\" aria-label=\"Read more about &ldquo;Th\u00e9rmon\u00e9bulisateur MOD\u00c8LE: ST-80W&rdquo;\" data-quantity=\"1\" data-product_id=\"1202\" data-product_sku=\"\" rel=\"nofollow\" class=\"wp-block-button__link add_to_cart_button ajax_add_to_cart\">Read more<\/a><\/div>\n\t\t\t<\/li><li class=\"wc-block-grid__product\">\n\t\t\t\t<a href=\"https:\/\/sterilav.com\/index.php\/produit\/pulverisateur-ft45\/\" class=\"wc-block-grid__product-link\">\n\t\t\t\t\t<div class=\"wc-block-grid__product-image\"><img loading=\"lazy\" decoding=\"async\" width=\"300\" height=\"300\" src=\"https:\/\/sterilav.com\/wp-content\/uploads\/2020\/12\/Sans-titre-1-300x300.jpg\" class=\"attachment-woocommerce_thumbnail size-woocommerce_thumbnail\" alt=\"pulv\u00e9risateur STERILAV\" srcset=\"https:\/\/sterilav.com\/wp-content\/uploads\/2020\/12\/Sans-titre-1-300x300.jpg 300w, https:\/\/sterilav.com\/wp-content\/uploads\/2020\/12\/Sans-titre-1-150x150.jpg 150w, https:\/\/sterilav.com\/wp-content\/uploads\/2020\/12\/Sans-titre-1-768x768.jpg 768w, https:\/\/sterilav.com\/wp-content\/uploads\/2020\/12\/Sans-titre-1-600x600.jpg 600w, https:\/\/sterilav.com\/wp-content\/uploads\/2020\/12\/Sans-titre-1-100x100.jpg 100w, https:\/\/sterilav.com\/wp-content\/uploads\/2020\/12\/Sans-titre-1.jpg 800w\" sizes=\"(max-width: 300px) 100vw, 300px\" \/><\/div>\n\t\t\t\t\t<div class=\"wc-block-grid__product-title\">Pulv\u00e9risateur FT45<\/div>\n\t\t\t\t<\/a>\n\t\t\t\t\n\t\t\t\t<div class=\"wc-block-grid__product-price price\"><\/div>\n\t\t\t\t\n\t\t\t\t<div class=\"wp-block-button wc-block-grid__product-add-to-cart\"><a href=\"https:\/\/sterilav.com\/index.php\/produit\/pulverisateur-ft45\/\" aria-label=\"Read more about &ldquo;Pulv\u00e9risateur FT45&rdquo;\" data-quantity=\"1\" data-product_id=\"1198\" data-product_sku=\"\" rel=\"nofollow\" class=\"wp-block-button__link add_to_cart_button ajax_add_to_cart\">Read more<\/a><\/div>\n\t\t\t<\/li><li class=\"wc-block-grid__product\">\n\t\t\t\t<a href=\"https:\/\/sterilav.com\/index.php\/produit\/nebuliseur-st02\/\" class=\"wc-block-grid__product-link\">\n\t\t\t\t\t<div class=\"wc-block-grid__product-image\"><img loading=\"lazy\" decoding=\"async\" width=\"300\" height=\"300\" src=\"https:\/\/sterilav.com\/wp-content\/uploads\/2020\/12\/13edcf43b9b08ded726d2621aa68fa197cedd3cf_400_400-300x300.jpeg\" class=\"attachment-woocommerce_thumbnail size-woocommerce_thumbnail\" alt=\"N\u00e9buliseur pulv\u00e9risateur STERILAV\" srcset=\"https:\/\/sterilav.com\/wp-content\/uploads\/2020\/12\/13edcf43b9b08ded726d2621aa68fa197cedd3cf_400_400-300x300.jpeg 300w, https:\/\/sterilav.com\/wp-content\/uploads\/2020\/12\/13edcf43b9b08ded726d2621aa68fa197cedd3cf_400_400-150x150.jpeg 150w, https:\/\/sterilav.com\/wp-content\/uploads\/2020\/12\/13edcf43b9b08ded726d2621aa68fa197cedd3cf_400_400-100x100.jpeg 100w, https:\/\/sterilav.com\/wp-content\/uploads\/2020\/12\/13edcf43b9b08ded726d2621aa68fa197cedd3cf_400_400.jpeg 400w\" sizes=\"(max-width: 300px) 100vw, 300px\" \/><\/div>\n\t\t\t\t\t<div class=\"wc-block-grid__product-title\">N\u00e9buliseur ST02<\/div>\n\t\t\t\t<\/a>\n\t\t\t\t\n\t\t\t\t<div class=\"wc-block-grid__product-price price\"><\/div>\n\t\t\t\t\n\t\t\t\t<div class=\"wp-block-button wc-block-grid__product-add-to-cart\"><a href=\"https:\/\/sterilav.com\/index.php\/produit\/nebuliseur-st02\/\" aria-label=\"Read more about &ldquo;N\u00e9buliseur ST02&rdquo;\" data-quantity=\"1\" data-product_id=\"1192\" data-product_sku=\"\" rel=\"nofollow\" class=\"wp-block-button__link add_to_cart_button ajax_add_to_cart\">Read more<\/a><\/div>\n\t\t\t<\/li><\/ul><\/div>","protected":false},"excerpt":{"rendered":"<p>STERILAV Service 3D D\u00e9ratisation \/ D\u00e9sinsectisation \/ D\u00e9sinfection selon le cahier de charge du minist\u00e8re de sant\u00e9 Tunisienne Produits D\u00e9sinfectant M\u00e9dical<\/p>\n","protected":false},"author":1,"featured_media":0,"parent":0,"menu_order":0,"comment_status":"closed","ping_status":"closed","template":"","meta":{"_monsterinsights_skip_tracking":false,"_monsterinsights_sitenote_active":false,"_monsterinsights_sitenote_note":"","_monsterinsights_sitenote_category":0,"spay_email":"","footnotes":""},"class_list":["post-1348","page","type-page","status-publish","hentry"],"_links":{"self":[{"href":"https:\/\/sterilav.com\/index.php\/wp-json\/wp\/v2\/pages\/1348","targetHints":{"allow":["GET"]}}],"collection":[{"href":"https:\/\/sterilav.com\/index.php\/wp-json\/wp\/v2\/pages"}],"about":[{"href":"https:\/\/sterilav.com\/index.php\/wp-json\/wp\/v2\/types\/page"}],"author":[{"embeddable":true,"href":"https:\/\/sterilav.com\/index.php\/wp-json\/wp\/v2\/users\/1"}],"replies":[{"embeddable":true,"href":"https:\/\/sterilav.com\/index.php\/wp-json\/wp\/v2\/comments?post=1348"}],"version-history":[{"count":14,"href":"https:\/\/sterilav.com\/index.php\/wp-json\/wp\/v2\/pages\/1348\/revisions"}],"predecessor-version":[{"id":1387,"href":"https:\/\/sterilav.com\/index.php\/wp-json\/wp\/v2\/pages\/1348\/revisions\/1387"}],"wp:attachment":[{"href":"https:\/\/sterilav.com\/index.php\/wp-json\/wp\/v2\/media?parent=1348"}],"curies":[{"name":"wp","href":"https:\/\/api.w.org\/{rel}","templated":true}]}}