{"id":1159,"date":"2020-12-07T20:59:41","date_gmt":"2020-12-07T19:59:41","guid":{"rendered":"https:\/\/sterilav.com\/?page_id=1159"},"modified":"2020-12-07T20:59:42","modified_gmt":"2020-12-07T19:59:42","slug":"desinfection","status":"publish","type":"page","link":"https:\/\/sterilav.com\/index.php\/desinfection\/","title":{"rendered":"D\u00e9sinfection"},"content":{"rendered":"\n<div class=\"wp-block-image\"><figure class=\"aligncenter size-large\"><img fetchpriority=\"high\" decoding=\"async\" width=\"1024\" height=\"470\" src=\"https:\/\/sterilav.com\/wp-content\/uploads\/2020\/12\/D\u00e9sinfection-sterilav-1024x470.jpg\" alt=\"\" class=\"wp-image-1160\" srcset=\"https:\/\/sterilav.com\/wp-content\/uploads\/2020\/12\/D\u00e9sinfection-sterilav-1024x470.jpg 1024w, https:\/\/sterilav.com\/wp-content\/uploads\/2020\/12\/D\u00e9sinfection-sterilav-300x138.jpg 300w, https:\/\/sterilav.com\/wp-content\/uploads\/2020\/12\/D\u00e9sinfection-sterilav-768x353.jpg 768w, https:\/\/sterilav.com\/wp-content\/uploads\/2020\/12\/D\u00e9sinfection-sterilav-1536x705.jpg 1536w, https:\/\/sterilav.com\/wp-content\/uploads\/2020\/12\/D\u00e9sinfection-sterilav-2048x940.jpg 2048w, https:\/\/sterilav.com\/wp-content\/uploads\/2020\/12\/D\u00e9sinfection-sterilav-1920x881.jpg 1920w, https:\/\/sterilav.com\/wp-content\/uploads\/2020\/12\/D\u00e9sinfection-sterilav-600x275.jpg 600w\" sizes=\"(max-width: 1024px) 100vw, 1024px\" \/><\/figure><\/div>\n\n\n\n<p>Depuis le 11 mars, l\u2019OMS a annonc\u00e9 l\u2019\u00e9tat de Pand\u00e9mie Mondiale avec&nbsp;<strong>plus de 200 000 cas dans 166 pays \/ territoires \u00e0 travers le monde.<br><\/strong><\/p>\n\n\n\n<p>Appelez nous aujourd\u2019hui au\u00a0<strong>24 19 20 20<\/strong>, nous vous aidons \u00e0 prot\u00e9ger votre entreprise, vos clients et collaborateurs en pr\u00e9venant la contagion.<\/p>\n\n\n\n<h2 class=\"wp-block-heading\">D\u00e9sinfection antivirale de l&#8217;environnement<br><\/h2>\n\n\n\n<p>L\u2019\u00e9pid\u00e9mie actuelle du COVID-19 impose l\u2019adoption de mesures pr\u00e9ventives. Ces mesures vont des instructions pour le lavage des mains aux traitements sp\u00e9cialis\u00e9s de d\u00e9sinfection dans les espaces de travail et lieux publics.&nbsp;<\/p>\n\n\n\n<h2 class=\"wp-block-heading\">M\u00e9thode de d\u00e9sinfection<br><\/h2>\n\n\n\n<p>La d\u00e9sinfection est effectu\u00e9e dans les pi\u00e8ces et zones que vous voulez prot\u00e9ger. Le traitement pr\u00e9ventif peut \u00eatre plus intensif et plus g\u00e9n\u00e9ral en fonction de degr\u00e9 de profondeur de la d\u00e9sinfection voulue.<\/p>\n\n\n\n<p>Le traitement est effectu\u00e9 via un brouillard environnemental de fraction microm\u00e9trique pour garantir une meilleur dispersion de la solution d\u00e9sinfectante. Cette n\u00e9bulisation sera dirig\u00e9e id\u00e9alement vers les surfaces de contact possible (zones de risque).<\/p>\n\n\n\n<p>La d\u00e9sinfection est recommand\u00e9e dans les bureaux, \u00e9coles, universit\u00e9s, h\u00f4pitaux, industries agro-alimentaire, centres sportifs, h\u00f4tels et tous lieux accueillant du public.<\/p>\n\n\n\n<h2 class=\"wp-block-heading\">Protocole de d\u00e9sinfection<br><\/h2>\n\n\n\n<p>Pour ces traitements, nous utilisons du d\u00e9sinfectant \u00e0 large spectre contre les pathog\u00e8nes, incluant les virus de la famille du coronavirus. Les \u00e9tapes \u00e0 suivre durant le traitement sont les suivantes :<\/p>\n\n\n\n<p><strong>Avant le traitement<\/strong><\/p>\n\n\n\n<ul class=\"wp-block-list\"><li>Retirer toute nourriture, contenants et ustensiles<\/li><li>Communiquer avec le personnel que le traitement va \u00eatre effectu\u00e9 et les mesures adopt\u00e9es<\/li><\/ul>\n\n\n\n<p><strong>Apr\u00e8s le traitement<\/strong><\/p>\n\n\n\n<ul class=\"wp-block-list\"><li>A\u00e9rer la zone<\/li><li>Rin\u00e7age obligatoire pour les parties qui sont en contact avec les aliments (ex : table, paillasse)<\/li><li>Nous recommandons l\u2019installation de\u00a0distributeur de d\u00e9sinfectant<\/li><\/ul>\n\n\n\n<h2 class=\"wp-block-heading\">Contactez les experts<\/h2>\n\n\n\n<p>Nos techniciens qualifi\u00e9s interviennent rapidement et efficacement pour affronter des probl\u00e8mes de d\u00e9sinfection dans les secteurs r\u00e9glementaires et non r\u00e9glementaires, en particulier aupr\u00e8s de la grande distribution, de l\u2019industrie agroalimentaire, de l\u2019industrie pharmaceutique, des acteurs du tourisme, de la formation, des transports et des \u00e9tablissements de sant\u00e9.<br>Pour vous accompagner pendant cette p\u00e9riode particuli\u00e8re (Covid-19), nous avons mobilis\u00e9 nos \u00e9quipes ainsi que le mat\u00e9riel n\u00e9cessaire pour renforcer notre capacit\u00e9 \u00e0 r\u00e9aliser, en toute s\u00e9curit\u00e9, les traitement dont vous pouvez avoir besoin. <\/p>\n","protected":false},"excerpt":{"rendered":"<p>Depuis le 11 mars, l\u2019OMS a annonc\u00e9 l\u2019\u00e9tat de Pand\u00e9mie Mondiale avec&nbsp;plus de 200 000 cas dans 166 pays \/ territoires \u00e0 travers le monde. Appelez nous aujourd\u2019hui au\u00a024 19 20 20, nous vous aidons \u00e0 prot\u00e9ger votre entreprise, vos clients et collaborateurs en pr\u00e9venant la contagion. D\u00e9sinfection antivirale de l&#8217;environnement L\u2019\u00e9pid\u00e9mie actuelle du COVID-19 [&hellip;]<\/p>\n","protected":false},"author":1,"featured_media":0,"parent":0,"menu_order":0,"comment_status":"closed","ping_status":"closed","template":"","meta":{"_monsterinsights_skip_tracking":false,"_monsterinsights_sitenote_active":false,"_monsterinsights_sitenote_note":"","_monsterinsights_sitenote_category":0,"spay_email":"","footnotes":""},"class_list":["post-1159","page","type-page","status-publish","hentry"],"_links":{"self":[{"href":"https:\/\/sterilav.com\/index.php\/wp-json\/wp\/v2\/pages\/1159","targetHints":{"allow":["GET"]}}],"collection":[{"href":"https:\/\/sterilav.com\/index.php\/wp-json\/wp\/v2\/pages"}],"about":[{"href":"https:\/\/sterilav.com\/index.php\/wp-json\/wp\/v2\/types\/page"}],"author":[{"embeddable":true,"href":"https:\/\/sterilav.com\/index.php\/wp-json\/wp\/v2\/users\/1"}],"replies":[{"embeddable":true,"href":"https:\/\/sterilav.com\/index.php\/wp-json\/wp\/v2\/comments?post=1159"}],"version-history":[{"count":1,"href":"https:\/\/sterilav.com\/index.php\/wp-json\/wp\/v2\/pages\/1159\/revisions"}],"predecessor-version":[{"id":1161,"href":"https:\/\/sterilav.com\/index.php\/wp-json\/wp\/v2\/pages\/1159\/revisions\/1161"}],"wp:attachment":[{"href":"https:\/\/sterilav.com\/index.php\/wp-json\/wp\/v2\/media?parent=1159"}],"curies":[{"name":"wp","href":"https:\/\/api.w.org\/{rel}","templated":true}]}}