{"id":1153,"date":"2020-12-07T20:46:10","date_gmt":"2020-12-07T19:46:10","guid":{"rendered":"https:\/\/sterilav.com\/?page_id=1153"},"modified":"2020-12-07T20:47:18","modified_gmt":"2020-12-07T19:47:18","slug":"deratisation","status":"publish","type":"page","link":"https:\/\/sterilav.com\/index.php\/deratisation\/","title":{"rendered":"D\u00e9ratisation"},"content":{"rendered":"\n<h2 class=\"wp-block-heading\">STERILAV&nbsp; votre expert en&nbsp;d\u00e9ratisation<\/h2>\n\n\n\n<figure class=\"wp-block-gallery aligncenter columns-1 is-cropped wp-block-gallery-1 is-layout-flex wp-block-gallery-is-layout-flex\"><ul class=\"blocks-gallery-grid\"><li class=\"blocks-gallery-item\"><figure><img fetchpriority=\"high\" decoding=\"async\" width=\"1024\" height=\"416\" src=\"https:\/\/sterilav.com\/wp-content\/uploads\/2020\/12\/der-1024x416.jpg\" alt=\"\" data-id=\"1154\" data-full-url=\"https:\/\/sterilav.com\/wp-content\/uploads\/2020\/12\/der.jpg\" data-link=\"https:\/\/sterilav.com\/?attachment_id=1154\" class=\"wp-image-1154\" srcset=\"https:\/\/sterilav.com\/wp-content\/uploads\/2020\/12\/der-1024x416.jpg 1024w, https:\/\/sterilav.com\/wp-content\/uploads\/2020\/12\/der-300x122.jpg 300w, https:\/\/sterilav.com\/wp-content\/uploads\/2020\/12\/der-768x312.jpg 768w, https:\/\/sterilav.com\/wp-content\/uploads\/2020\/12\/der-1536x624.jpg 1536w, https:\/\/sterilav.com\/wp-content\/uploads\/2020\/12\/der-600x244.jpg 600w, https:\/\/sterilav.com\/wp-content\/uploads\/2020\/12\/der.jpg 1600w\" sizes=\"(max-width: 1024px) 100vw, 1024px\" \/><\/figure><\/li><\/ul><\/figure>\n\n\n\n<p><strong>La lutte contre les rongeurs<\/strong>&nbsp;doit \u00eatre avant tout une pr\u00e9occupation essentielle&nbsp; au sein de votre \u00e9tablissement. La pr\u00e9sence de Rats ou souris peut non seulement nuire \u00e0 votre image de marque, mais les risques financiers qui en d\u00e9coulent peuvent \u00eatres majeurs\u2026<\/p>\n\n\n\n<p>Apr\u00e8s avoir effectu\u00e9 une inspection minutieuse de vos locaux, nous mettrons en place le dispositif le plus adapt\u00e9 afin de pr\u00e9venir ou&nbsp;d\u2019exterminer la pr\u00e9sence de&nbsp;<strong>rongeurs<\/strong>. En fonction des zones \u00e0 prot\u00e9ger et de votre secteur d\u2019activit\u00e9 nous pourrons proc\u00e9der par l\u2019application de produits rodenticides (produit pour&nbsp;tuer les&nbsp;<a href=\"https:\/\/fr.wikipedia.org\/wiki\/Rongeur\">rongeurs<\/a>)&nbsp; ou par la mise en place de pi\u00e8ges m\u00e9caniques (non toxiques). Toute prestation est r\u00e9alis\u00e9e en fonction des normes en vigueur et par un personnel intervenant expert. De m\u00eame&nbsp; toute intervention est compl\u00e9t\u00e9e par une inspection minutieuse afin de vous apporter toutes les recommandations.<\/p>\n\n\n\n<h2 class=\"wp-block-heading\">La souris<\/h2>\n\n\n\n<p>Quand on parle de souris on fait&nbsp;tout d\u2019abord r\u00e9f\u00e9rence \u00e0 l\u2019esp\u00e8ce la plus commune, la souris grise (mus musculus).<\/p>\n\n\n\n<p>La souris est&nbsp; vectrice&nbsp; de nombreux pathog\u00e8nes et parasites dont certains sont transmissibles \u00e0 l\u2019homme , toujours par le biais de l\u2019urine et des excr\u00e9ments.<\/p>\n\n\n\n<p>Ces<strong>&nbsp;rongeurs<\/strong>&nbsp;se reproduisent tout le long de l\u2019ann\u00e9e. ils peuvent avoir jusqu\u2019\u00e0 six port\u00e9es en un an&nbsp;d\u2019o\u00f9 une prolif\u00e9ration tr\u00e8s rapide.<\/p>\n\n\n\n<p>Selon votre secteur d\u2019activit\u00e9 et sans avoir constat\u00e9 de pr\u00e9sence de rongeurs, il est n\u00e9cessaire de mettre en place un dispositif de protection afin de pr\u00e9venir toute pr\u00e9sence de&nbsp;<strong>rongeurs<\/strong>.<\/p>\n\n\n\n<figure class=\"wp-block-image\"><img decoding=\"async\" src=\"https:\/\/algo3d.fr\/wp-content\/uploads\/2017\/10\/souris-algo3dpestcontrol-300x224.png\" alt=\"souris-algo3dpestcontrol lutte contre les rongeurs soci\u00e9t\u00e9 sp\u00e9cialis\u00e9e dans la d\u00e9ratisation algo3d lutte contre les nuisibles\" class=\"wp-image-181\"\/><\/figure>\n\n\n\n<h2 class=\"wp-block-heading\">Le rat<\/h2>\n\n\n\n<p>Le mot \u00ab&nbsp;<strong>rat<\/strong>&nbsp;\u00bb est le terme courant qui d\u00e9signe les&nbsp;mammif\u00e8res&nbsp;<a href=\"https:\/\/fr.wikipedia.org\/wiki\/Rodentia\">rongeurs<\/a>&nbsp;omnivores. Physiquement on peut les d\u00e9crire par une queue longue et nue, des dents tranchantes et enfin un museau&nbsp; pointu. Les esp\u00e8ces les plus communes&nbsp;sont&nbsp;&nbsp;<a href=\"https:\/\/fr.wikipedia.org\/wiki\/Rattus_rattus\"><em>Rattus rattus<\/em><\/a>, ou rat noir, et&nbsp;<em><a href=\"https:\/\/fr.wikipedia.org\/wiki\/Rattus_norvegicus\">Rattus norvegicus<\/a>&nbsp;aussi appel\u00e9&nbsp;<\/em>le rat d\u2019\u00e9gout.<\/p>\n\n\n\n<p>Qu\u2019il s\u2019agisse de l\u2019une ou l\u2019autre des esp\u00e8ces, les rats sont toujours pour les hommes des propagateurs de maladies. historiquement d\u2019abord, et parmi les plus graves : la&nbsp;<a href=\"https:\/\/fr.wikipedia.org\/wiki\/Peste\">peste<\/a>. Elle se transmettait&nbsp; \u00e0 l\u2019homme par les piq\u00fbres de puces d\u2019animaux infect\u00e9s et le rat noir est le propagateur le plus connu.<\/p>\n\n\n\n<p>L\u2019autre maladie bien connue est la&nbsp;<a href=\"https:\/\/fr.wikipedia.org\/wiki\/Leptospirose\">leptospirose.<\/a>&nbsp;Egalement&nbsp;&nbsp;appel\u00e9e la maladie du rat, celle ci se rencontrent tr\u00e8s fr\u00e9quemment . A noter que l\u2019urine du rat ou de la&nbsp;<a href=\"https:\/\/fr.wikipedia.org\/wiki\/Souris\">souris<\/a>&nbsp;semble presque toujours la source directe ou indirecte des infections humaines. D\u2019autres maladies peuvent \u00e9galement se transmettre par le rat comme la&nbsp;<a href=\"https:\/\/fr.wikipedia.org\/wiki\/Fi%C3%A8vre_par_morsure_de_rat\">fi\u00e8vre par morsure de rat<\/a>&nbsp;(<a href=\"https:\/\/fr.wikipedia.org\/wiki\/Streptobacillose\">streptobacillose<\/a>). En plus de l\u2019aspect sanitaire, les rats sont opportunistes. Ils s\u2019attaquent aux r\u00e9serves alimentaires. Ils les d\u00e9vorent et les souillent de leurs d\u00e9jections. Dans les r\u00e9coltes, Pour un grain d\u00e9vor\u00e9 par le&nbsp;<a href=\"https:\/\/fr.wikipedia.org\/wiki\/Rat_brun\">rat brun<\/a>, 10 \u00e0 15 grains sont souill\u00e9s et rendus inconsommables. La&nbsp;<strong>Lutte contre les rongeurs<\/strong>&nbsp;permet de les sauvegarder.<\/p>\n\n\n\n<p>Le&nbsp;<a href=\"https:\/\/fr.wikipedia.org\/wiki\/Rat_brun\">rat brun<\/a>&nbsp;(<em><a href=\"https:\/\/fr.wikipedia.org\/wiki\/Rattus_norvegicus\">Rattus norvegicus<\/a>)&nbsp;<\/em>et le &nbsp;<a href=\"https:\/\/fr.wikipedia.org\/wiki\/Rat_noir\">rat noir<\/a>&nbsp;(<a href=\"https:\/\/fr.wikipedia.org\/wiki\/Rattus_rattus\"><em>Rattus rattus<\/em><\/a>) sont reconnus comme les esp\u00e8ces de rats les plus invasives.<\/p>\n","protected":false},"excerpt":{"rendered":"<p>STERILAV&nbsp; votre expert en&nbsp;d\u00e9ratisation La lutte contre les rongeurs&nbsp;doit \u00eatre avant tout une pr\u00e9occupation essentielle&nbsp; au sein de votre \u00e9tablissement. La pr\u00e9sence de Rats ou souris peut non seulement nuire \u00e0 votre image de marque, mais les risques financiers qui en d\u00e9coulent peuvent \u00eatres majeurs\u2026 Apr\u00e8s avoir effectu\u00e9 une inspection minutieuse de vos locaux, nous [&hellip;]<\/p>\n","protected":false},"author":1,"featured_media":0,"parent":0,"menu_order":0,"comment_status":"closed","ping_status":"closed","template":"","meta":{"_monsterinsights_skip_tracking":false,"_monsterinsights_sitenote_active":false,"_monsterinsights_sitenote_note":"","_monsterinsights_sitenote_category":0,"spay_email":"","footnotes":""},"class_list":["post-1153","page","type-page","status-publish","hentry"],"_links":{"self":[{"href":"https:\/\/sterilav.com\/index.php\/wp-json\/wp\/v2\/pages\/1153","targetHints":{"allow":["GET"]}}],"collection":[{"href":"https:\/\/sterilav.com\/index.php\/wp-json\/wp\/v2\/pages"}],"about":[{"href":"https:\/\/sterilav.com\/index.php\/wp-json\/wp\/v2\/types\/page"}],"author":[{"embeddable":true,"href":"https:\/\/sterilav.com\/index.php\/wp-json\/wp\/v2\/users\/1"}],"replies":[{"embeddable":true,"href":"https:\/\/sterilav.com\/index.php\/wp-json\/wp\/v2\/comments?post=1153"}],"version-history":[{"count":2,"href":"https:\/\/sterilav.com\/index.php\/wp-json\/wp\/v2\/pages\/1153\/revisions"}],"predecessor-version":[{"id":1156,"href":"https:\/\/sterilav.com\/index.php\/wp-json\/wp\/v2\/pages\/1153\/revisions\/1156"}],"wp:attachment":[{"href":"https:\/\/sterilav.com\/index.php\/wp-json\/wp\/v2\/media?parent=1153"}],"curies":[{"name":"wp","href":"https:\/\/api.w.org\/{rel}","templated":true}]}}