{"id":1140,"date":"2020-11-22T21:21:03","date_gmt":"2020-11-22T20:21:03","guid":{"rendered":"https:\/\/sterilav.com\/?page_id=1140"},"modified":"2020-12-14T19:46:39","modified_gmt":"2020-12-14T18:46:39","slug":"services","status":"publish","type":"page","link":"https:\/\/sterilav.com\/index.php\/services\/","title":{"rendered":"Services"},"content":{"rendered":"\n<ul class=\"wp-block-list\"><li><strong>Divers types de service pour les Professionnels, Industriels et Particuliers : <\/strong><\/li><li><a href=\"https:\/\/sterilav.com\/index.php\/desinfection\/\">D\u00e9sinfection<\/a><\/li><li><a href=\"https:\/\/sterilav.com\/index.php\/deratisation\/\">D\u00e9ratisation<\/a><\/li><li><a href=\"https:\/\/sterilav.com\/index.php\/desinsectisation\/\">D\u00e9sinsectisation<\/a><\/li><li><a href=\"https:\/\/sterilav.com\/index.php\/services-et-clients\/\">Nettoyage professionnel<\/a><\/li><li><a href=\"https:\/\/sterilav.com\/index.php\/nettoyage-vitre\/\">Nettoyage Vitre <\/a><\/li><li><a href=\"https:\/\/sterilav.com\/index.php\/nettoyage-panneaux-solaire\/\">Nettoyage Panneaux Solaire<\/a><\/li><\/ul>\n","protected":false},"excerpt":{"rendered":"<p>Divers types de service pour les Professionnels, Industriels et Particuliers : D\u00e9sinfection D\u00e9ratisation D\u00e9sinsectisation Nettoyage professionnel Nettoyage Vitre Nettoyage Panneaux Solaire<\/p>\n","protected":false},"author":1,"featured_media":0,"parent":0,"menu_order":0,"comment_status":"closed","ping_status":"closed","template":"","meta":{"_monsterinsights_skip_tracking":false,"_monsterinsights_sitenote_active":false,"_monsterinsights_sitenote_note":"","_monsterinsights_sitenote_category":0,"spay_email":"","footnotes":""},"class_list":["post-1140","page","type-page","status-publish","hentry"],"_links":{"self":[{"href":"https:\/\/sterilav.com\/index.php\/wp-json\/wp\/v2\/pages\/1140","targetHints":{"allow":["GET"]}}],"collection":[{"href":"https:\/\/sterilav.com\/index.php\/wp-json\/wp\/v2\/pages"}],"about":[{"href":"https:\/\/sterilav.com\/index.php\/wp-json\/wp\/v2\/types\/page"}],"author":[{"embeddable":true,"href":"https:\/\/sterilav.com\/index.php\/wp-json\/wp\/v2\/users\/1"}],"replies":[{"embeddable":true,"href":"https:\/\/sterilav.com\/index.php\/wp-json\/wp\/v2\/comments?post=1140"}],"version-history":[{"count":2,"href":"https:\/\/sterilav.com\/index.php\/wp-json\/wp\/v2\/pages\/1140\/revisions"}],"predecessor-version":[{"id":1173,"href":"https:\/\/sterilav.com\/index.php\/wp-json\/wp\/v2\/pages\/1140\/revisions\/1173"}],"wp:attachment":[{"href":"https:\/\/sterilav.com\/index.php\/wp-json\/wp\/v2\/media?parent=1140"}],"curies":[{"name":"wp","href":"https:\/\/api.w.org\/{rel}","templated":true}]}}